{"id":2565,"date":"2017-09-30T02:15:26","date_gmt":"2017-09-30T02:15:26","guid":{"rendered":"https:\/\/www.monchericruises.com\/?page_id=2565"},"modified":"2022-12-05T15:49:50","modified_gmt":"2022-12-05T08:49:50","slug":"contact-us","status":"publish","type":"page","link":"https:\/\/www.peonycruises.com\/vn\/lien-he.html","title":{"rendered":"Li\u00ean h\u1ec7"},"content":{"rendered":"<p>C\u00e1c \u01b0u \u0111\u00e3i v\u1ec1 thu\u00ea Charter, thu\u00ea theo nh\u00f3m,\u00a0 \u0111\u1eb7t s\u1edbm, khuy\u1ebfn m\u00e3i m\u00f9a h\u00e8 v\u00e0 \u0111\u1eb7t v\u00e0o ph\u00fat ch\u00f3t \u0111\u1ec1u c\u00f3 s\u1eafn. H\u00e3y li\u00ean h\u1ec7 v\u1edbi ch\u00fang t\u00f4i \u0111\u1ec3 \u0111\u01b0\u1ee3c gi\u00e1 t\u1ed1t nh\u1ea5t.<\/p>\n","protected":false},"excerpt":{"rendered":"<p>C\u00e1c \u01b0u \u0111\u00e3i v\u1ec1 thu\u00ea Charter, thu\u00ea theo nh\u00f3m,\u00a0 \u0111\u1eb7t s\u1edbm, khuy\u1ebfn m\u00e3i m\u00f9a h\u00e8 v\u00e0 \u0111\u1eb7t v\u00e0o ph\u00fat ch\u00f3t \u0111\u1ec1u c\u00f3 s\u1eafn. H\u00e3y li\u00ean h\u1ec7 v\u1edbi ch\u00fang t\u00f4i \u0111\u1ec3 \u0111\u01b0\u1ee3c gi\u00e1 t\u1ed1t nh\u1ea5t.<\/p>\n","protected":false},"author":1,"featured_media":5756,"parent":0,"menu_order":0,"comment_status":"closed","ping_status":"closed","template":"temp_contact.php","meta":{"footnotes":""},"class_list":["post-2565","page","type-page","status-publish","has-post-thumbnail","hentry"],"yoast_head":"<!-- This site is optimized with the Yoast SEO plugin v27.5 - https:\/\/yoast.com\/product\/yoast-seo-wordpress\/ -->\n<title>Li\u00ean h\u00ea | Du thuy\u1ec1n Peony +84 98 4749958<\/title>\n<meta name=\"description\" content=\"T\u1ea7ng 4, S\u1ed1 34 Ho\u00e0 M\u00e3, Hai B\u00e0 Tr\u01b0ng, H\u00e0 N\u1ed9i. Email : info@monchericruises.com. Hotline: +84 98 4749958\" \/>\n<meta name=\"robots\" content=\"index, follow, max-snippet:-1, max-image-preview:large, max-video-preview:-1\" \/>\n<link rel=\"canonical\" href=\"https:\/\/www.peonycruises.com\/vn\/lien-he.html\" \/>\n<meta property=\"og:locale\" content=\"vi_VN\" \/>\n<meta property=\"og:type\" content=\"article\" \/>\n<meta property=\"og:title\" content=\"Li\u00ean h\u00ea | Du thuy\u1ec1n Peony +84 98 4749958\" \/>\n<meta property=\"og:description\" content=\"T\u1ea7ng 4, S\u1ed1 34 Ho\u00e0 M\u00e3, Hai B\u00e0 Tr\u01b0ng, H\u00e0 N\u1ed9i. Email : info@monchericruises.com. Hotline: +84 98 4749958\" \/>\n<meta property=\"og:url\" content=\"https:\/\/www.peonycruises.com\/vn\/lien-he.html\" \/>\n<meta property=\"og:site_name\" content=\"Du thuy\u1ec1n Peony: Du thuy\u1ec1n gi\u1ea3m gi\u00e1, \u01afu \u0111\u00e3i du thuy\u1ec1n v\u00e0o ph\u00fat cu\u1ed1i, \u01afu \u0111\u00e3i du thuy\u1ec1n m\u00f9a h\u00e8 v\u00e0 m\u00f9a \u0111\u00f4ng, \u01afu \u0111\u00e3i \u0111\u1eb7t v\u00e9 s\u1edbm 2026\" \/>\n<meta property=\"article:publisher\" content=\"https:\/\/www.facebook.com\/monchericruises\/\" \/>\n<meta property=\"article:modified_time\" content=\"2022-12-05T08:49:50+00:00\" \/>\n<meta property=\"og:image\" content=\"https:\/\/www.peonycruises.com\/vn\/wp-content\/uploads\/2020\/10\/44.jpg\" \/>\n\t<meta property=\"og:image:width\" content=\"1903\" \/>\n\t<meta property=\"og:image:height\" content=\"594\" \/>\n\t<meta property=\"og:image:type\" content=\"image\/jpeg\" \/>\n<meta name=\"twitter:card\" content=\"summary_large_image\" \/>\n<meta name=\"twitter:site\" content=\"@moncheri_cruise\" \/>\n<meta name=\"twitter:label1\" content=\"\u01af\u1edbc t\u00ednh th\u1eddi gian \u0111\u1ecdc\" \/>\n\t<meta name=\"twitter:data1\" content=\"1 ph\u00fat\" \/>\n<script type=\"application\/ld+json\" class=\"yoast-schema-graph\">{\"@context\":\"https:\\\/\\\/schema.org\",\"@graph\":[{\"@type\":\"WebPage\",\"@id\":\"https:\\\/\\\/www.peonycruises.com\\\/vn\\\/lien-he.html\",\"url\":\"https:\\\/\\\/www.peonycruises.com\\\/vn\\\/lien-he.html\",\"name\":\"Li\u00ean h\u00ea | Du thuy\u1ec1n Peony +84 98 4749958\",\"isPartOf\":{\"@id\":\"https:\\\/\\\/www.peonycruises.com\\\/vn\\\/#website\"},\"primaryImageOfPage\":{\"@id\":\"https:\\\/\\\/www.peonycruises.com\\\/vn\\\/lien-he.html#primaryimage\"},\"image\":{\"@id\":\"https:\\\/\\\/www.peonycruises.com\\\/vn\\\/lien-he.html#primaryimage\"},\"thumbnailUrl\":\"https:\\\/\\\/www.peonycruises.com\\\/vn\\\/wp-content\\\/uploads\\\/2020\\\/10\\\/44.jpg\",\"datePublished\":\"2017-09-30T02:15:26+00:00\",\"dateModified\":\"2022-12-05T08:49:50+00:00\",\"description\":\"T\u1ea7ng 4, S\u1ed1 34 Ho\u00e0 M\u00e3, Hai B\u00e0 Tr\u01b0ng, H\u00e0 N\u1ed9i. Email : info@monchericruises.com. Hotline: +84 98 4749958\",\"breadcrumb\":{\"@id\":\"https:\\\/\\\/www.peonycruises.com\\\/vn\\\/lien-he.html#breadcrumb\"},\"inLanguage\":\"vi\",\"potentialAction\":[{\"@type\":\"ReadAction\",\"target\":[\"https:\\\/\\\/www.peonycruises.com\\\/vn\\\/lien-he.html\"]}]},{\"@type\":\"ImageObject\",\"inLanguage\":\"vi\",\"@id\":\"https:\\\/\\\/www.peonycruises.com\\\/vn\\\/lien-he.html#primaryimage\",\"url\":\"https:\\\/\\\/www.peonycruises.com\\\/vn\\\/wp-content\\\/uploads\\\/2020\\\/10\\\/44.jpg\",\"contentUrl\":\"https:\\\/\\\/www.peonycruises.com\\\/vn\\\/wp-content\\\/uploads\\\/2020\\\/10\\\/44.jpg\",\"width\":1903,\"height\":594},{\"@type\":\"BreadcrumbList\",\"@id\":\"https:\\\/\\\/www.peonycruises.com\\\/vn\\\/lien-he.html#breadcrumb\",\"itemListElement\":[{\"@type\":\"ListItem\",\"position\":1,\"name\":\"Home\",\"item\":\"https:\\\/\\\/www.peonycruises.com\\\/vn\"},{\"@type\":\"ListItem\",\"position\":2,\"name\":\"Li\u00ean h\u1ec7\"}]},{\"@type\":\"WebSite\",\"@id\":\"https:\\\/\\\/www.peonycruises.com\\\/vn\\\/#website\",\"url\":\"https:\\\/\\\/www.peonycruises.com\\\/vn\\\/\",\"name\":\"Du thuy\u1ec1n Peony: Du thuy\u1ec1n gi\u1ea3m gi\u00e1, \u01afu \u0111\u00e3i du thuy\u1ec1n v\u00e0o ph\u00fat cu\u1ed1i, \u01afu \u0111\u00e3i du thuy\u1ec1n m\u00f9a h\u00e8 v\u00e0 m\u00f9a \u0111\u00f4ng, \u01afu \u0111\u00e3i \u0111\u1eb7t v\u00e9 s\u1edbm 2026\",\"description\":\"\",\"publisher\":{\"@id\":\"https:\\\/\\\/www.peonycruises.com\\\/vn\\\/#organization\"},\"potentialAction\":[{\"@type\":\"SearchAction\",\"target\":{\"@type\":\"EntryPoint\",\"urlTemplate\":\"https:\\\/\\\/www.peonycruises.com\\\/vn\\\/?s={search_term_string}\"},\"query-input\":{\"@type\":\"PropertyValueSpecification\",\"valueRequired\":true,\"valueName\":\"search_term_string\"}}],\"inLanguage\":\"vi\"},{\"@type\":\"Organization\",\"@id\":\"https:\\\/\\\/www.peonycruises.com\\\/vn\\\/#organization\",\"name\":\"Peony Cruises Official Website | Best Deals Halong Cruise\",\"url\":\"https:\\\/\\\/www.peonycruises.com\\\/vn\\\/\",\"logo\":{\"@type\":\"ImageObject\",\"inLanguage\":\"vi\",\"@id\":\"https:\\\/\\\/www.peonycruises.com\\\/vn\\\/#\\\/schema\\\/logo\\\/image\\\/\",\"url\":\"https:\\\/\\\/www.peonycruises.com\\\/vn\\\/wp-content\\\/uploads\\\/2019\\\/09\\\/ico.png\",\"contentUrl\":\"https:\\\/\\\/www.peonycruises.com\\\/vn\\\/wp-content\\\/uploads\\\/2019\\\/09\\\/ico.png\",\"width\":116,\"height\":116,\"caption\":\"Peony Cruises Official Website | Best Deals Halong Cruise\"},\"image\":{\"@id\":\"https:\\\/\\\/www.peonycruises.com\\\/vn\\\/#\\\/schema\\\/logo\\\/image\\\/\"},\"sameAs\":[\"https:\\\/\\\/www.facebook.com\\\/monchericruises\\\/\",\"https:\\\/\\\/x.com\\\/moncheri_cruise\",\"https:\\\/\\\/www.instagram.com\\\/moncheri_cruises\\\/\"]}]}<\/script>\n<!-- \/ Yoast SEO plugin. -->","yoast_head_json":{"title":"Li\u00ean h\u00ea | Du thuy\u1ec1n Peony +84 98 4749958","description":"T\u1ea7ng 4, S\u1ed1 34 Ho\u00e0 M\u00e3, Hai B\u00e0 Tr\u01b0ng, H\u00e0 N\u1ed9i. Email : info@monchericruises.com. Hotline: +84 98 4749958","robots":{"index":"index","follow":"follow","max-snippet":"max-snippet:-1","max-image-preview":"max-image-preview:large","max-video-preview":"max-video-preview:-1"},"canonical":"https:\/\/www.peonycruises.com\/vn\/lien-he.html","og_locale":"vi_VN","og_type":"article","og_title":"Li\u00ean h\u00ea | Du thuy\u1ec1n Peony +84 98 4749958","og_description":"T\u1ea7ng 4, S\u1ed1 34 Ho\u00e0 M\u00e3, Hai B\u00e0 Tr\u01b0ng, H\u00e0 N\u1ed9i. Email : info@monchericruises.com. Hotline: +84 98 4749958","og_url":"https:\/\/www.peonycruises.com\/vn\/lien-he.html","og_site_name":"Du thuy\u1ec1n Peony: Du thuy\u1ec1n gi\u1ea3m gi\u00e1, \u01afu \u0111\u00e3i du thuy\u1ec1n v\u00e0o ph\u00fat cu\u1ed1i, \u01afu \u0111\u00e3i du thuy\u1ec1n m\u00f9a h\u00e8 v\u00e0 m\u00f9a \u0111\u00f4ng, \u01afu \u0111\u00e3i \u0111\u1eb7t v\u00e9 s\u1edbm 2026","article_publisher":"https:\/\/www.facebook.com\/monchericruises\/","article_modified_time":"2022-12-05T08:49:50+00:00","og_image":[{"width":1903,"height":594,"url":"https:\/\/www.peonycruises.com\/vn\/wp-content\/uploads\/2020\/10\/44.jpg","type":"image\/jpeg"}],"twitter_card":"summary_large_image","twitter_site":"@moncheri_cruise","twitter_misc":{"\u01af\u1edbc t\u00ednh th\u1eddi gian \u0111\u1ecdc":"1 ph\u00fat"},"schema":{"@context":"https:\/\/schema.org","@graph":[{"@type":"WebPage","@id":"https:\/\/www.peonycruises.com\/vn\/lien-he.html","url":"https:\/\/www.peonycruises.com\/vn\/lien-he.html","name":"Li\u00ean h\u00ea | Du thuy\u1ec1n Peony +84 98 4749958","isPartOf":{"@id":"https:\/\/www.peonycruises.com\/vn\/#website"},"primaryImageOfPage":{"@id":"https:\/\/www.peonycruises.com\/vn\/lien-he.html#primaryimage"},"image":{"@id":"https:\/\/www.peonycruises.com\/vn\/lien-he.html#primaryimage"},"thumbnailUrl":"https:\/\/www.peonycruises.com\/vn\/wp-content\/uploads\/2020\/10\/44.jpg","datePublished":"2017-09-30T02:15:26+00:00","dateModified":"2022-12-05T08:49:50+00:00","description":"T\u1ea7ng 4, S\u1ed1 34 Ho\u00e0 M\u00e3, Hai B\u00e0 Tr\u01b0ng, H\u00e0 N\u1ed9i. Email : info@monchericruises.com. Hotline: +84 98 4749958","breadcrumb":{"@id":"https:\/\/www.peonycruises.com\/vn\/lien-he.html#breadcrumb"},"inLanguage":"vi","potentialAction":[{"@type":"ReadAction","target":["https:\/\/www.peonycruises.com\/vn\/lien-he.html"]}]},{"@type":"ImageObject","inLanguage":"vi","@id":"https:\/\/www.peonycruises.com\/vn\/lien-he.html#primaryimage","url":"https:\/\/www.peonycruises.com\/vn\/wp-content\/uploads\/2020\/10\/44.jpg","contentUrl":"https:\/\/www.peonycruises.com\/vn\/wp-content\/uploads\/2020\/10\/44.jpg","width":1903,"height":594},{"@type":"BreadcrumbList","@id":"https:\/\/www.peonycruises.com\/vn\/lien-he.html#breadcrumb","itemListElement":[{"@type":"ListItem","position":1,"name":"Home","item":"https:\/\/www.peonycruises.com\/vn"},{"@type":"ListItem","position":2,"name":"Li\u00ean h\u1ec7"}]},{"@type":"WebSite","@id":"https:\/\/www.peonycruises.com\/vn\/#website","url":"https:\/\/www.peonycruises.com\/vn\/","name":"Du thuy\u1ec1n Peony: Du thuy\u1ec1n gi\u1ea3m gi\u00e1, \u01afu \u0111\u00e3i du thuy\u1ec1n v\u00e0o ph\u00fat cu\u1ed1i, \u01afu \u0111\u00e3i du thuy\u1ec1n m\u00f9a h\u00e8 v\u00e0 m\u00f9a \u0111\u00f4ng, \u01afu \u0111\u00e3i \u0111\u1eb7t v\u00e9 s\u1edbm 2026","description":"","publisher":{"@id":"https:\/\/www.peonycruises.com\/vn\/#organization"},"potentialAction":[{"@type":"SearchAction","target":{"@type":"EntryPoint","urlTemplate":"https:\/\/www.peonycruises.com\/vn\/?s={search_term_string}"},"query-input":{"@type":"PropertyValueSpecification","valueRequired":true,"valueName":"search_term_string"}}],"inLanguage":"vi"},{"@type":"Organization","@id":"https:\/\/www.peonycruises.com\/vn\/#organization","name":"Peony Cruises Official Website | Best Deals Halong Cruise","url":"https:\/\/www.peonycruises.com\/vn\/","logo":{"@type":"ImageObject","inLanguage":"vi","@id":"https:\/\/www.peonycruises.com\/vn\/#\/schema\/logo\/image\/","url":"https:\/\/www.peonycruises.com\/vn\/wp-content\/uploads\/2019\/09\/ico.png","contentUrl":"https:\/\/www.peonycruises.com\/vn\/wp-content\/uploads\/2019\/09\/ico.png","width":116,"height":116,"caption":"Peony Cruises Official Website | Best Deals Halong Cruise"},"image":{"@id":"https:\/\/www.peonycruises.com\/vn\/#\/schema\/logo\/image\/"},"sameAs":["https:\/\/www.facebook.com\/monchericruises\/","https:\/\/x.com\/moncheri_cruise","https:\/\/www.instagram.com\/moncheri_cruises\/"]}]}},"_links":{"self":[{"href":"https:\/\/www.peonycruises.com\/vn\/wp-json\/wp\/v2\/pages\/2565","targetHints":{"allow":["GET"]}}],"collection":[{"href":"https:\/\/www.peonycruises.com\/vn\/wp-json\/wp\/v2\/pages"}],"about":[{"href":"https:\/\/www.peonycruises.com\/vn\/wp-json\/wp\/v2\/types\/page"}],"author":[{"embeddable":true,"href":"https:\/\/www.peonycruises.com\/vn\/wp-json\/wp\/v2\/users\/1"}],"replies":[{"embeddable":true,"href":"https:\/\/www.peonycruises.com\/vn\/wp-json\/wp\/v2\/comments?post=2565"}],"version-history":[{"count":6,"href":"https:\/\/www.peonycruises.com\/vn\/wp-json\/wp\/v2\/pages\/2565\/revisions"}],"predecessor-version":[{"id":6012,"href":"https:\/\/www.peonycruises.com\/vn\/wp-json\/wp\/v2\/pages\/2565\/revisions\/6012"}],"wp:featuredmedia":[{"embeddable":true,"href":"https:\/\/www.peonycruises.com\/vn\/wp-json\/wp\/v2\/media\/5756"}],"wp:attachment":[{"href":"https:\/\/www.peonycruises.com\/vn\/wp-json\/wp\/v2\/media?parent=2565"}],"curies":[{"name":"wp","href":"https:\/\/api.w.org\/{rel}","templated":true}]}}