{"id":2741,"date":"2017-10-03T09:28:20","date_gmt":"2017-10-03T02:28:20","guid":{"rendered":"https:\/\/www.monchericruises.com\/?page_id=2741"},"modified":"2023-04-28T13:15:59","modified_gmt":"2023-04-28T06:15:59","slug":"tai-sao-lua-chon-du-thuyen-peony","status":"publish","type":"page","link":"https:\/\/www.peonycruises.com\/vn\/tai-sao-lua-chon-du-thuyen-peony.html","title":{"rendered":"T\u1ea1i sao l\u1ef1a ch\u1ecdn du thuy\u1ec1n Peony"},"content":{"rendered":"<p style=\"text-align: justify;\">Peony Cruises l\u00e0 m\u1ed9t trong nh\u1eefng th\u01b0\u01a1ng hi\u1ec7u Du thuy\u1ec1n sang tr\u1ecdng nh\u1ea5t t\u1ea1i V\u1ecbnh H\u1ea1 Long. Du thuy\u1ec1n \u0110\u1ea7u ti\u00ean \u0111\u01b0\u1ee3c ra m\u1eaft v\u00e0o \u0111\u1ea7u n\u0103m 2018 nh\u1eb1m m\u1ee5c \u0111\u00edch cung c\u1ea5p d\u1ecbch v\u1ee5 Cao c\u1ea5p v\u00e0 tr\u1ea3i nghi\u1ec7m k\u1ef3 ngh\u1ec9 tuy\u1ec7t v\u1eddi cho kh\u00e1ch h\u00e0ng c\u1ee7a ch\u00fang t\u00f4i. Ch\u00fang t\u00f4i \u0111\u00e3 t\u1ed5 ch\u1ee9c h\u00e0nh tr\u00ecnh \u0111\u1ed9c \u0111\u00e1o v\u1edbi c\u00e1c \u0111i\u1ec3m tham quan l\u00fd th\u00fa trong V\u1ecbnh H\u1ea1 Long \u2013 V\u1ecbnh Lan H\u1ea1. Mon Cheri s\u1ebd mang \u0111\u1ebfn nh\u1eefng tr\u1ea3i nghi\u1ec7m v\u00f4 c\u00f9ng l\u00fd th\u00fa v\u00e0 gi\u00fap b\u1ea1n kh\u00e1m ph\u00e1 v\u1ebb \u0111\u1eb9p ti\u1ec1m \u1ea9n c\u1ee7a v\u1ecbnh. H\u00e3y th\u1ea3 l\u00f2ng c\u00f9ng s\u1ef1 tho\u1ea3i m\u00e1i tuy\u1ec7t \u0111\u1ed1i tr\u00ean du gi\u1eefa nh\u1eefng k\u1ef3 quan thi\u00ean nhi\u00ean h\u00f9ng v\u0129 m\u00e0 b\u1ea1n kh\u00f4ng th\u1ec3 t\u00ecm th\u1ea5y \u1edf \u0111\u00e2u kh\u00e1c.<\/p>\n<p style=\"text-align: justify;\">Peony <span style=\"color: #333333;\">g\u1ed3m c\u00f3 2 du thuy\u1ec1n v\u00e0 40 ph\u00f2ng ng\u1ee7 v\u1edbi thi\u1ebft k\u1ebf tr\u1ecdng v\u00e0 thanh l\u1ecbch v\u1edbi d\u1ecbch v\u1ee5 chuy\u00ean nghi\u1ec7p v\u00e0 \u0111\u1ed9i ng\u0169 nh\u00e2n vi\u00ean th\u00e2n thi\u1ec7n ng\u01b0\u1eddi \u0111\u00e3 s\u1eb5n s\u00e0ng \u0111\u1ec3 \u0111\u1ea3m b\u1ea3o r\u1eb1ng qu\u00fd kh\u00e1ch s\u1ebd c\u00f3 nh\u1eefng tr\u1ea3i nghi\u1ec7m \u0111\u00e1ng nh\u1edb.<\/span>.<\/p>\n<p style=\"text-align: justify;\">Ch\u00fang t\u00f4i t\u1ef1 h\u00e0o l\u00e0 Du thuy\u1ec1n \u0111\u1ea7u ti\u00ean v\u00e0 duy nh\u1ea5t t\u1ea1i V\u1ecbnh H\u1ea1 Long c\u00f3 th\u1ec3 \u0111\u00e1p \u1ee9ng t\u1ea5t c\u1ea3 c\u00e1c ch\u1ebf \u0111\u1ed9 \u0103n ki\u00eang \u0110\u1eb7c bi\u1ec7t: Ch\u1ebf \u0111\u1ed9 \u0103n ki\u00eang Kosher, Halal, \u0102n chay, Kh\u00f4ng ch\u1ee9a Gluten v\u1edbi c\u00e1c ti\u00eau chu\u1ea9n kh\u1eaft khe nh\u1ea5t.<\/p>\n<p style=\"text-align: justify;\"><span style=\"color: #333333;\">Q\u00fay kh\u00e1ch s\u1ebd c\u00f3 nhi\u1ec1u th\u1eddi gian h\u01a1n \u0111\u1ec3 du ngo\u1ea1n v\u00ec qu\u00e3ng \u0111\u01b0\u1eddng t\u1edbi th\u00e0nh ph\u1ed1 H\u1ea1 Long \u0111\u01b0\u1ee3c r\u00fat ng\u1eafn ch\u1ec9 c\u00f2n 1,5 gi\u1edd l\u00e1i xe t\u1eeb H\u00e0 N\u1ed9i. \u00cdt th\u1eddi gian \u0111i di chuy\u1ec3n t\u1eeb H\u00e0 N\u1ed9i \u0111\u1ed3ng ngh\u0129a v\u1edbi vi\u1ec7c qu\u00fd kh\u00e1ch c\u00f3 nhi\u1ec1u th\u1eddi gian h\u01a1n tr\u00ean du thuy\u1ec1n v\u00e0 t\u1eadn h\u01b0\u1edfng v\u1ebb \u0111\u1eb9p c\u1ee7a v\u1ecbnh.<\/span><\/p>\n<p style=\"text-align: justify;\"><span style=\"color: #333333;\">\u0110i du thuy\u1ec1n c\u00f9ng Mon Ch\u00e9ri, qu\u00fd kh\u00e1ch c\u0169ng s\u1ebd g\u00f3p ph\u1ea7n h\u1ed7 tr\u1ee3 tr\u1ebb em tc\u00f3 ho\u00e0n c\u1ea3nh kh\u00f3 kh\u0103n t\u1ea1i Vi\u1ec7t Nam. B\u1edfi ch\u00fang t\u00f4i l\u00e0 m\u1ed9t \u0111\u1ed1i t\u00e1c c\u1ee7a\u00a0 Qu\u1ef9 Tr\u1ebb em Blue Dragon Foundation ho\u1ea1t \u0111\u1ed9ng tr\u00f2n su\u1ed1t 14 n\u0103m qua &#8211; t\u1ed5 ch\u1ee9c c\u1ee9u tr\u1ee3 tr\u1ebb em \u0111\u01b0\u1eddng ph\u1ed1, tr\u1ebb em \u0111ang b\u1ecb b\u00f3c l\u1ed9t s\u1ee9c lao \u0111\u1ed9ng c\u0169ng nh\u01b0 gi\u1ea3i c\u1ee9u nh\u1eefng \u0111\u1ee9a tr\u1ebb b\u1ecb m\u1eafc k\u1eb9t trong v\u1ea5n n\u1ea1n bu\u00f4n b\u00e1n ng\u01b0\u1eddi.<\/span><\/p>\n","protected":false},"excerpt":{"rendered":"<p>Peony Cruises l\u00e0 m\u1ed9t trong nh\u1eefng th\u01b0\u01a1ng hi\u1ec7u Du thuy\u1ec1n sang tr\u1ecdng nh\u1ea5t t\u1ea1i V\u1ecbnh H\u1ea1 Long. Du thuy\u1ec1n \u0110\u1ea7u ti\u00ean \u0111\u01b0\u1ee3c ra m\u1eaft v\u00e0o \u0111\u1ea7u n\u0103m 2018 nh\u1eb1m m\u1ee5c \u0111\u00edch cung c\u1ea5p d\u1ecbch v\u1ee5 Cao c\u1ea5p v\u00e0 tr\u1ea3i nghi\u1ec7m k\u1ef3 ngh\u1ec9 tuy\u1ec7t v\u1eddi cho kh\u00e1ch h\u00e0ng c\u1ee7a ch\u00fang t\u00f4i. Ch\u00fang t\u00f4i \u0111\u00e3 t\u1ed5 ch\u1ee9c &hellip; <\/p>\n<p class=\"link-more\"><a href=\"https:\/\/www.peonycruises.com\/vn\/tai-sao-lua-chon-du-thuyen-peony.html\" class=\"more-link\">Continue reading<span class=\"screen-reader-text\"> &#8220;T\u1ea1i sao l\u1ef1a ch\u1ecdn du thuy\u1ec1n Peony&#8221;<\/span><\/a><\/p>\n","protected":false},"author":1,"featured_media":5708,"parent":0,"menu_order":0,"comment_status":"closed","ping_status":"closed","template":"temp_whyus.php","meta":{"footnotes":""},"class_list":["post-2741","page","type-page","status-publish","has-post-thumbnail","hentry"],"yoast_head":"<!-- This site is optimized with the Yoast SEO plugin v27.5 - https:\/\/yoast.com\/product\/yoast-seo-wordpress\/ -->\n<title>T\u1ea1i sao l\u1ef1a ch\u1ecdn du thuy\u1ec1n Peony - Du thuy\u1ec1n Peony: Du thuy\u1ec1n gi\u1ea3m gi\u00e1, \u01afu \u0111\u00e3i du thuy\u1ec1n v\u00e0o ph\u00fat cu\u1ed1i, \u01afu \u0111\u00e3i du thuy\u1ec1n m\u00f9a h\u00e8 v\u00e0 m\u00f9a \u0111\u00f4ng, \u01afu \u0111\u00e3i \u0111\u1eb7t v\u00e9 s\u1edbm 2026<\/title>\n<meta name=\"description\" content=\"Mon Cheri Cruises always offers the best prices for all drirect booking at our official website. We offer best price guarantee\" \/>\n<meta name=\"robots\" content=\"index, follow, max-snippet:-1, max-image-preview:large, max-video-preview:-1\" \/>\n<link rel=\"canonical\" href=\"https:\/\/www.peonycruises.com\/vn\/tai-sao-lua-chon-du-thuyen-peony.html\" \/>\n<meta property=\"og:locale\" content=\"vi_VN\" \/>\n<meta property=\"og:type\" content=\"article\" \/>\n<meta property=\"og:title\" content=\"T\u1ea1i sao l\u1ef1a ch\u1ecdn du thuy\u1ec1n Peony - Du thuy\u1ec1n Peony: Du thuy\u1ec1n gi\u1ea3m gi\u00e1, \u01afu \u0111\u00e3i du thuy\u1ec1n v\u00e0o ph\u00fat cu\u1ed1i, \u01afu \u0111\u00e3i du thuy\u1ec1n m\u00f9a h\u00e8 v\u00e0 m\u00f9a \u0111\u00f4ng, \u01afu \u0111\u00e3i \u0111\u1eb7t v\u00e9 s\u1edbm 2026\" \/>\n<meta property=\"og:description\" content=\"Mon Cheri Cruises always offers the best prices for all drirect booking at our official website. We offer best price guarantee\" \/>\n<meta property=\"og:url\" content=\"https:\/\/www.peonycruises.com\/vn\/tai-sao-lua-chon-du-thuyen-peony.html\" \/>\n<meta property=\"og:site_name\" content=\"Du thuy\u1ec1n Peony: Du thuy\u1ec1n gi\u1ea3m gi\u00e1, \u01afu \u0111\u00e3i du thuy\u1ec1n v\u00e0o ph\u00fat cu\u1ed1i, \u01afu \u0111\u00e3i du thuy\u1ec1n m\u00f9a h\u00e8 v\u00e0 m\u00f9a \u0111\u00f4ng, \u01afu \u0111\u00e3i \u0111\u1eb7t v\u00e9 s\u1edbm 2026\" \/>\n<meta property=\"article:publisher\" content=\"https:\/\/www.facebook.com\/monchericruises\/\" \/>\n<meta property=\"article:modified_time\" content=\"2023-04-28T06:15:59+00:00\" \/>\n<meta property=\"og:image\" content=\"https:\/\/www.peonycruises.com\/vn\/wp-content\/uploads\/2020\/10\/why.jpg\" \/>\n\t<meta property=\"og:image:width\" content=\"1903\" \/>\n\t<meta property=\"og:image:height\" content=\"594\" \/>\n\t<meta property=\"og:image:type\" content=\"image\/jpeg\" \/>\n<meta name=\"twitter:card\" content=\"summary_large_image\" \/>\n<meta name=\"twitter:site\" content=\"@moncheri_cruise\" \/>\n<meta name=\"twitter:label1\" content=\"\u01af\u1edbc t\u00ednh th\u1eddi gian \u0111\u1ecdc\" \/>\n\t<meta name=\"twitter:data1\" content=\"2 ph\u00fat\" \/>\n<script type=\"application\/ld+json\" class=\"yoast-schema-graph\">{\"@context\":\"https:\\\/\\\/schema.org\",\"@graph\":[{\"@type\":\"WebPage\",\"@id\":\"https:\\\/\\\/www.peonycruises.com\\\/vn\\\/tai-sao-lua-chon-du-thuyen-peony.html\",\"url\":\"https:\\\/\\\/www.peonycruises.com\\\/vn\\\/tai-sao-lua-chon-du-thuyen-peony.html\",\"name\":\"T\u1ea1i sao l\u1ef1a ch\u1ecdn du thuy\u1ec1n Peony - Du thuy\u1ec1n Peony: Du thuy\u1ec1n gi\u1ea3m gi\u00e1, \u01afu \u0111\u00e3i du thuy\u1ec1n v\u00e0o ph\u00fat cu\u1ed1i, \u01afu \u0111\u00e3i du thuy\u1ec1n m\u00f9a h\u00e8 v\u00e0 m\u00f9a \u0111\u00f4ng, \u01afu \u0111\u00e3i \u0111\u1eb7t v\u00e9 s\u1edbm 2026\",\"isPartOf\":{\"@id\":\"https:\\\/\\\/www.peonycruises.com\\\/vn\\\/#website\"},\"primaryImageOfPage\":{\"@id\":\"https:\\\/\\\/www.peonycruises.com\\\/vn\\\/tai-sao-lua-chon-du-thuyen-peony.html#primaryimage\"},\"image\":{\"@id\":\"https:\\\/\\\/www.peonycruises.com\\\/vn\\\/tai-sao-lua-chon-du-thuyen-peony.html#primaryimage\"},\"thumbnailUrl\":\"https:\\\/\\\/www.peonycruises.com\\\/vn\\\/wp-content\\\/uploads\\\/2020\\\/10\\\/why.jpg\",\"datePublished\":\"2017-10-03T02:28:20+00:00\",\"dateModified\":\"2023-04-28T06:15:59+00:00\",\"description\":\"Mon Cheri Cruises always offers the best prices for all drirect booking at our official website. We offer best price guarantee\",\"breadcrumb\":{\"@id\":\"https:\\\/\\\/www.peonycruises.com\\\/vn\\\/tai-sao-lua-chon-du-thuyen-peony.html#breadcrumb\"},\"inLanguage\":\"vi\",\"potentialAction\":[{\"@type\":\"ReadAction\",\"target\":[\"https:\\\/\\\/www.peonycruises.com\\\/vn\\\/tai-sao-lua-chon-du-thuyen-peony.html\"]}]},{\"@type\":\"ImageObject\",\"inLanguage\":\"vi\",\"@id\":\"https:\\\/\\\/www.peonycruises.com\\\/vn\\\/tai-sao-lua-chon-du-thuyen-peony.html#primaryimage\",\"url\":\"https:\\\/\\\/www.peonycruises.com\\\/vn\\\/wp-content\\\/uploads\\\/2020\\\/10\\\/why.jpg\",\"contentUrl\":\"https:\\\/\\\/www.peonycruises.com\\\/vn\\\/wp-content\\\/uploads\\\/2020\\\/10\\\/why.jpg\",\"width\":1903,\"height\":594},{\"@type\":\"BreadcrumbList\",\"@id\":\"https:\\\/\\\/www.peonycruises.com\\\/vn\\\/tai-sao-lua-chon-du-thuyen-peony.html#breadcrumb\",\"itemListElement\":[{\"@type\":\"ListItem\",\"position\":1,\"name\":\"Home\",\"item\":\"https:\\\/\\\/www.peonycruises.com\\\/vn\"},{\"@type\":\"ListItem\",\"position\":2,\"name\":\"T\u1ea1i sao l\u1ef1a ch\u1ecdn du thuy\u1ec1n Peony\"}]},{\"@type\":\"WebSite\",\"@id\":\"https:\\\/\\\/www.peonycruises.com\\\/vn\\\/#website\",\"url\":\"https:\\\/\\\/www.peonycruises.com\\\/vn\\\/\",\"name\":\"Du thuy\u1ec1n Peony: Du thuy\u1ec1n gi\u1ea3m gi\u00e1, \u01afu \u0111\u00e3i du thuy\u1ec1n v\u00e0o ph\u00fat cu\u1ed1i, \u01afu \u0111\u00e3i du thuy\u1ec1n m\u00f9a h\u00e8 v\u00e0 m\u00f9a \u0111\u00f4ng, \u01afu \u0111\u00e3i \u0111\u1eb7t v\u00e9 s\u1edbm 2026\",\"description\":\"\",\"publisher\":{\"@id\":\"https:\\\/\\\/www.peonycruises.com\\\/vn\\\/#organization\"},\"potentialAction\":[{\"@type\":\"SearchAction\",\"target\":{\"@type\":\"EntryPoint\",\"urlTemplate\":\"https:\\\/\\\/www.peonycruises.com\\\/vn\\\/?s={search_term_string}\"},\"query-input\":{\"@type\":\"PropertyValueSpecification\",\"valueRequired\":true,\"valueName\":\"search_term_string\"}}],\"inLanguage\":\"vi\"},{\"@type\":\"Organization\",\"@id\":\"https:\\\/\\\/www.peonycruises.com\\\/vn\\\/#organization\",\"name\":\"Peony Cruises Official Website | Best Deals Halong Cruise\",\"url\":\"https:\\\/\\\/www.peonycruises.com\\\/vn\\\/\",\"logo\":{\"@type\":\"ImageObject\",\"inLanguage\":\"vi\",\"@id\":\"https:\\\/\\\/www.peonycruises.com\\\/vn\\\/#\\\/schema\\\/logo\\\/image\\\/\",\"url\":\"https:\\\/\\\/www.peonycruises.com\\\/vn\\\/wp-content\\\/uploads\\\/2019\\\/09\\\/ico.png\",\"contentUrl\":\"https:\\\/\\\/www.peonycruises.com\\\/vn\\\/wp-content\\\/uploads\\\/2019\\\/09\\\/ico.png\",\"width\":116,\"height\":116,\"caption\":\"Peony Cruises Official Website | Best Deals Halong Cruise\"},\"image\":{\"@id\":\"https:\\\/\\\/www.peonycruises.com\\\/vn\\\/#\\\/schema\\\/logo\\\/image\\\/\"},\"sameAs\":[\"https:\\\/\\\/www.facebook.com\\\/monchericruises\\\/\",\"https:\\\/\\\/x.com\\\/moncheri_cruise\",\"https:\\\/\\\/www.instagram.com\\\/moncheri_cruises\\\/\"]}]}<\/script>\n<!-- \/ Yoast SEO plugin. -->","yoast_head_json":{"title":"T\u1ea1i sao l\u1ef1a ch\u1ecdn du thuy\u1ec1n Peony - Du thuy\u1ec1n Peony: Du thuy\u1ec1n gi\u1ea3m gi\u00e1, \u01afu \u0111\u00e3i du thuy\u1ec1n v\u00e0o ph\u00fat cu\u1ed1i, \u01afu \u0111\u00e3i du thuy\u1ec1n m\u00f9a h\u00e8 v\u00e0 m\u00f9a \u0111\u00f4ng, \u01afu \u0111\u00e3i \u0111\u1eb7t v\u00e9 s\u1edbm 2026","description":"Mon Cheri Cruises always offers the best prices for all drirect booking at our official website. We offer best price guarantee","robots":{"index":"index","follow":"follow","max-snippet":"max-snippet:-1","max-image-preview":"max-image-preview:large","max-video-preview":"max-video-preview:-1"},"canonical":"https:\/\/www.peonycruises.com\/vn\/tai-sao-lua-chon-du-thuyen-peony.html","og_locale":"vi_VN","og_type":"article","og_title":"T\u1ea1i sao l\u1ef1a ch\u1ecdn du thuy\u1ec1n Peony - Du thuy\u1ec1n Peony: Du thuy\u1ec1n gi\u1ea3m gi\u00e1, \u01afu \u0111\u00e3i du thuy\u1ec1n v\u00e0o ph\u00fat cu\u1ed1i, \u01afu \u0111\u00e3i du thuy\u1ec1n m\u00f9a h\u00e8 v\u00e0 m\u00f9a \u0111\u00f4ng, \u01afu \u0111\u00e3i \u0111\u1eb7t v\u00e9 s\u1edbm 2026","og_description":"Mon Cheri Cruises always offers the best prices for all drirect booking at our official website. We offer best price guarantee","og_url":"https:\/\/www.peonycruises.com\/vn\/tai-sao-lua-chon-du-thuyen-peony.html","og_site_name":"Du thuy\u1ec1n Peony: Du thuy\u1ec1n gi\u1ea3m gi\u00e1, \u01afu \u0111\u00e3i du thuy\u1ec1n v\u00e0o ph\u00fat cu\u1ed1i, \u01afu \u0111\u00e3i du thuy\u1ec1n m\u00f9a h\u00e8 v\u00e0 m\u00f9a \u0111\u00f4ng, \u01afu \u0111\u00e3i \u0111\u1eb7t v\u00e9 s\u1edbm 2026","article_publisher":"https:\/\/www.facebook.com\/monchericruises\/","article_modified_time":"2023-04-28T06:15:59+00:00","og_image":[{"width":1903,"height":594,"url":"https:\/\/www.peonycruises.com\/vn\/wp-content\/uploads\/2020\/10\/why.jpg","type":"image\/jpeg"}],"twitter_card":"summary_large_image","twitter_site":"@moncheri_cruise","twitter_misc":{"\u01af\u1edbc t\u00ednh th\u1eddi gian \u0111\u1ecdc":"2 ph\u00fat"},"schema":{"@context":"https:\/\/schema.org","@graph":[{"@type":"WebPage","@id":"https:\/\/www.peonycruises.com\/vn\/tai-sao-lua-chon-du-thuyen-peony.html","url":"https:\/\/www.peonycruises.com\/vn\/tai-sao-lua-chon-du-thuyen-peony.html","name":"T\u1ea1i sao l\u1ef1a ch\u1ecdn du thuy\u1ec1n Peony - Du thuy\u1ec1n Peony: Du thuy\u1ec1n gi\u1ea3m gi\u00e1, \u01afu \u0111\u00e3i du thuy\u1ec1n v\u00e0o ph\u00fat cu\u1ed1i, \u01afu \u0111\u00e3i du thuy\u1ec1n m\u00f9a h\u00e8 v\u00e0 m\u00f9a \u0111\u00f4ng, \u01afu \u0111\u00e3i \u0111\u1eb7t v\u00e9 s\u1edbm 2026","isPartOf":{"@id":"https:\/\/www.peonycruises.com\/vn\/#website"},"primaryImageOfPage":{"@id":"https:\/\/www.peonycruises.com\/vn\/tai-sao-lua-chon-du-thuyen-peony.html#primaryimage"},"image":{"@id":"https:\/\/www.peonycruises.com\/vn\/tai-sao-lua-chon-du-thuyen-peony.html#primaryimage"},"thumbnailUrl":"https:\/\/www.peonycruises.com\/vn\/wp-content\/uploads\/2020\/10\/why.jpg","datePublished":"2017-10-03T02:28:20+00:00","dateModified":"2023-04-28T06:15:59+00:00","description":"Mon Cheri Cruises always offers the best prices for all drirect booking at our official website. We offer best price guarantee","breadcrumb":{"@id":"https:\/\/www.peonycruises.com\/vn\/tai-sao-lua-chon-du-thuyen-peony.html#breadcrumb"},"inLanguage":"vi","potentialAction":[{"@type":"ReadAction","target":["https:\/\/www.peonycruises.com\/vn\/tai-sao-lua-chon-du-thuyen-peony.html"]}]},{"@type":"ImageObject","inLanguage":"vi","@id":"https:\/\/www.peonycruises.com\/vn\/tai-sao-lua-chon-du-thuyen-peony.html#primaryimage","url":"https:\/\/www.peonycruises.com\/vn\/wp-content\/uploads\/2020\/10\/why.jpg","contentUrl":"https:\/\/www.peonycruises.com\/vn\/wp-content\/uploads\/2020\/10\/why.jpg","width":1903,"height":594},{"@type":"BreadcrumbList","@id":"https:\/\/www.peonycruises.com\/vn\/tai-sao-lua-chon-du-thuyen-peony.html#breadcrumb","itemListElement":[{"@type":"ListItem","position":1,"name":"Home","item":"https:\/\/www.peonycruises.com\/vn"},{"@type":"ListItem","position":2,"name":"T\u1ea1i sao l\u1ef1a ch\u1ecdn du thuy\u1ec1n Peony"}]},{"@type":"WebSite","@id":"https:\/\/www.peonycruises.com\/vn\/#website","url":"https:\/\/www.peonycruises.com\/vn\/","name":"Du thuy\u1ec1n Peony: Du thuy\u1ec1n gi\u1ea3m gi\u00e1, \u01afu \u0111\u00e3i du thuy\u1ec1n v\u00e0o ph\u00fat cu\u1ed1i, \u01afu \u0111\u00e3i du thuy\u1ec1n m\u00f9a h\u00e8 v\u00e0 m\u00f9a \u0111\u00f4ng, \u01afu \u0111\u00e3i \u0111\u1eb7t v\u00e9 s\u1edbm 2026","description":"","publisher":{"@id":"https:\/\/www.peonycruises.com\/vn\/#organization"},"potentialAction":[{"@type":"SearchAction","target":{"@type":"EntryPoint","urlTemplate":"https:\/\/www.peonycruises.com\/vn\/?s={search_term_string}"},"query-input":{"@type":"PropertyValueSpecification","valueRequired":true,"valueName":"search_term_string"}}],"inLanguage":"vi"},{"@type":"Organization","@id":"https:\/\/www.peonycruises.com\/vn\/#organization","name":"Peony Cruises Official Website | Best Deals Halong Cruise","url":"https:\/\/www.peonycruises.com\/vn\/","logo":{"@type":"ImageObject","inLanguage":"vi","@id":"https:\/\/www.peonycruises.com\/vn\/#\/schema\/logo\/image\/","url":"https:\/\/www.peonycruises.com\/vn\/wp-content\/uploads\/2019\/09\/ico.png","contentUrl":"https:\/\/www.peonycruises.com\/vn\/wp-content\/uploads\/2019\/09\/ico.png","width":116,"height":116,"caption":"Peony Cruises Official Website | Best Deals Halong Cruise"},"image":{"@id":"https:\/\/www.peonycruises.com\/vn\/#\/schema\/logo\/image\/"},"sameAs":["https:\/\/www.facebook.com\/monchericruises\/","https:\/\/x.com\/moncheri_cruise","https:\/\/www.instagram.com\/moncheri_cruises\/"]}]}},"_links":{"self":[{"href":"https:\/\/www.peonycruises.com\/vn\/wp-json\/wp\/v2\/pages\/2741","targetHints":{"allow":["GET"]}}],"collection":[{"href":"https:\/\/www.peonycruises.com\/vn\/wp-json\/wp\/v2\/pages"}],"about":[{"href":"https:\/\/www.peonycruises.com\/vn\/wp-json\/wp\/v2\/types\/page"}],"author":[{"embeddable":true,"href":"https:\/\/www.peonycruises.com\/vn\/wp-json\/wp\/v2\/users\/1"}],"replies":[{"embeddable":true,"href":"https:\/\/www.peonycruises.com\/vn\/wp-json\/wp\/v2\/comments?post=2741"}],"version-history":[{"count":23,"href":"https:\/\/www.peonycruises.com\/vn\/wp-json\/wp\/v2\/pages\/2741\/revisions"}],"predecessor-version":[{"id":6115,"href":"https:\/\/www.peonycruises.com\/vn\/wp-json\/wp\/v2\/pages\/2741\/revisions\/6115"}],"wp:featuredmedia":[{"embeddable":true,"href":"https:\/\/www.peonycruises.com\/vn\/wp-json\/wp\/v2\/media\/5708"}],"wp:attachment":[{"href":"https:\/\/www.peonycruises.com\/vn\/wp-json\/wp\/v2\/media?parent=2741"}],"curies":[{"name":"wp","href":"https:\/\/api.w.org\/{rel}","templated":true}]}}