{"id":2745,"date":"2017-10-03T09:28:45","date_gmt":"2017-10-03T02:28:45","guid":{"rendered":"https:\/\/www.monchericruises.com\/?page_id=2745"},"modified":"2022-12-05T16:08:24","modified_gmt":"2022-12-05T09:08:24","slug":"trach-nhiem-cong-dong","status":"publish","type":"page","link":"https:\/\/www.peonycruises.com\/vn\/trach-nhiem-cong-dong.html","title":{"rendered":"Tr\u00e1ch nhi\u1ec7m c\u1ed9ng \u0111\u1ed3ng"},"content":{"rendered":"<p style=\"text-align: justify;\">M\u1ee5c \u0111\u00edch c\u1ee7a ch\u00fang t\u00f4i l\u00e0 \u0111\u1ea3m b\u1ea3o v\u00e0 duy tr\u00ec nh\u1eefng n\u00e9t \u0111\u1eb7c tr\u01b0ng c\u1ea3nh quan thi\u00ean nhi\u00ea c\u0169ng nh\u01b0 b\u1ea3o t\u1ed3n \u0111a d\u1ea1ng v\u0103n h\u00f3a c\u1ee7a V\u1ecbnh H\u1ea1 Long v\u00e0 v\u1ecbnh Lan H\u1ea1 cho th\u1ebf h\u1ec7 t\u01b0\u01a1ng lai. Du thuy\u1ec1n Peony cam k\u1ebft ho\u1ea1t \u0111\u1ed9ng c\u00f3 tr\u00e1ch nhi\u1ec7m, v\u00ec l\u1ee3i \u00edch l\u00e2u d\u00e0i.\u00a0<\/p>\n<p style=\"text-align: justify;\">Hi\u1ec7n nay, d\u00f9 \u0111\u1ed1i m\u1eb7t v\u1edbi r\u1ea5t nhi\u1ec1u \u0111e d\u1ecda v\u00e0 t\u00e1c \u0111\u1ed9ng x\u1ea5u \u0111\u1ebfn m\u00f4i tr\u01b0\u1eddng nh\u01b0ng ch\u00fang t\u00f4i lu\u00f4n c\u00f3 nh\u1eefng ho\u1ea1t \u0111\u1ed9ng thu gom r\u00e1c th\u1ea3i h\u00e0ng th\u00e1ng c\u00f9ng v\u1edbi ban qu\u1ea3n l\u00fd v\u1ecbnh v\u00e0 c\u00f9ng du kh\u00e1ch.<\/p>\n<p style=\"text-align: justify;\">Ngo\u00e0i ra ch\u00fang t\u00f4i c\u1ed9ng t\u00e1c v\u1edbi ch\u00ednh quy\u1ec1n \u0111\u1ecba ph\u01b0\u01a1ng \u0111\u1ec3 th\u00fac \u0111\u1ea9y m\u1ea1nh m\u1ebd vi\u1ec7c tuy\u00ean truy\u1ec1n qu\u1ea3ng b\u00e1 cho nh\u1eefng ho\u1ea1t \u0111\u1ed9ng b\u1ea3o t\u1ed3n v\u00e0 b\u1ea3o v\u1ec7 m\u00f4i tr\u01b0\u1eddng. Ch\u00fang t\u00f4i mang \u0111\u1ebfn nh\u1eefng c\u01a1 h\u1ed9i trao \u0111\u1ed5i v\u0103n h\u00f3a, n\u01a1i nh\u1eefng ng\u01b0\u1eddi d\u00e2n \u0111\u1ecba ph\u01b0\u01a1ng v\u00e0 du kh\u00e1ch c\u00f3 th\u1ec3 trao \u0111\u1ed5i, h\u1ecdc t\u1eadp v\u00e0 c\u1ee7ng c\u1ed1 m\u1ed1i quan h\u1ec7 hi\u1ec3u bi\u1ebft v\u1edbi tinh th\u1ea7n t\u00f4n tr\u1ecdng l\u1eabn nhau.<\/p>\n<p style=\"text-align: justify;\">Ch\u00fang t\u00f4i \u0111\u00f3ng g\u00f3p cho ph\u00fac l\u1ee3i x\u00e3 h\u1ed9i c\u1ee7a c\u1ed9ng \u0111\u1ed3ng \u0111\u1ecba ph\u01b0\u01a1ng n\u01a1i \u0111\u00e2y th\u00f4ng qua ch\u01b0\u01a1ng tr\u00ecnh &#8221; Du thuy\u1ec1n v\u00ec c\u1ed9ng \u0111\u1ed3ng&#8221;. Qua \u0111\u00e2y, ch\u00fang t\u00f4i c\u00f3 th\u1ec3 s\u1eafp x\u1ebfp cho nh\u1eefng v\u1ecb kh\u00e1ch d\u00e0nh th\u1eddi gian l\u01b0u l\u1ea1i tr\u00ean nh\u1eefng l\u00e0ng ch\u00e0i n\u1ed5i \u0111\u1ec3 h\u1ed7 tr\u1ee3 trong vi\u1ec7c n\u00e2ng cao v\u00e0 c\u1ea3i thi\u1ec7n c\u01a1 s\u1edf v\u1eadt ch\u1ea5t t\u1ed1i thi\u1ec3u t\u1ea1i n\u01a1i \u0111\u00e2y. Ch\u00fang t\u00f4i mong mu\u1ed1n gi\u1ea3m thi\u1ec3u t\u1ed1i \u0111a nh\u1eefng t\u00e1c \u0111\u1ed9ng ti\u00eau c\u1ef1c c\u1ee7a ho\u1ea1t \u0111\u1ed9ng du l\u1ecbch c\u00f3 th\u1ec3 mang \u0111\u1ebfn b\u1eb1ng vi\u1ec7c \u0111\u1ea3m b\u1ea3o c\u00e1c ch\u01b0\u01a1ng tr\u00ecnh du l\u1ecbch kh\u00f4ng l\u00e0m m\u1ea5t \u0111i nh\u1eefng t\u00e0i nguy\u00ean v\u1ed1n c\u00f3 c\u1ee7a \u0111\u1ecba ph\u01b0\u01a1ng ho\u1eb7c t\u00e1c \u0111\u1ed9ng b\u1ea5t l\u1ee3i \u0111\u1ebfn kinh t\u1ebf \u0111\u1ecba ph\u01b0\u01a1ng. Ch\u00fang t\u00f4i qu\u1ea3n l\u00ed ho\u1ea1t \u0111\u1ed9ng d\u1ef1a tr\u00ean nguy\u00ean t\u1eafc l\u00e0 g\u00ecn gi\u1eef l\u00e2u d\u00e0i nh\u1eefng gi\u00e1 tr\u1ecb v\u1ec1 m\u1eb7t t\u1ef1 nhi\u00ean v\u00e0 v\u0103n h\u00f3a c\u1ee7a V\u1ecbnh H\u1ea1 Long. Ch\u00fang t\u00f4i s\u1ebd n\u1ed7 l\u1ef1c h\u1ebft s\u1ee9c ch\u00fa tr\u1ecdng vi\u1ec7c tuy\u00ean truy\u1ec1n v\u1ec1 th\u1eafng c\u1ea3nh v\u00e0 v\u0103n h\u00f3a \u0111\u1ecba ph\u01b0\u01a1ng c\u0169ng nh\u01b0 cung c\u1ea5p nh\u1eefng h\u01b0\u1edbng d\u1eabn v\u1ec1 c\u00e1ch h\u00e0nh x\u1eed v\u0103n h\u00f3a \u0111\u1ec3 tr\u00e1nh nh\u1eefng \u1ea3nh h\u01b0\u1edfng ti\u00eau c\u1ef1c.<\/p>\n","protected":false},"excerpt":{"rendered":"<p>M\u1ee5c \u0111\u00edch c\u1ee7a ch\u00fang t\u00f4i l\u00e0 \u0111\u1ea3m b\u1ea3o v\u00e0 duy tr\u00ec nh\u1eefng n\u00e9t \u0111\u1eb7c tr\u01b0ng c\u1ea3nh quan thi\u00ean nhi\u00ea c\u0169ng nh\u01b0 b\u1ea3o t\u1ed3n \u0111a d\u1ea1ng v\u0103n h\u00f3a c\u1ee7a V\u1ecbnh H\u1ea1 Long v\u00e0 v\u1ecbnh Lan H\u1ea1 cho th\u1ebf h\u1ec7 t\u01b0\u01a1ng lai. Du thuy\u1ec1n Peony cam k\u1ebft ho\u1ea1t \u0111\u1ed9ng c\u00f3 tr\u00e1ch nhi\u1ec7m, v\u00ec l\u1ee3i \u00edch l\u00e2u d\u00e0i.\u00a0 &hellip; <\/p>\n<p class=\"link-more\"><a href=\"https:\/\/www.peonycruises.com\/vn\/trach-nhiem-cong-dong.html\" class=\"more-link\">Continue reading<span class=\"screen-reader-text\"> &#8220;Tr\u00e1ch nhi\u1ec7m c\u1ed9ng \u0111\u1ed3ng&#8221;<\/span><\/a><\/p>\n","protected":false},"author":1,"featured_media":5711,"parent":0,"menu_order":0,"comment_status":"closed","ping_status":"closed","template":"","meta":{"footnotes":""},"class_list":["post-2745","page","type-page","status-publish","has-post-thumbnail","hentry"],"yoast_head":"<!-- This site is optimized with the Yoast SEO plugin v27.5 - https:\/\/yoast.com\/product\/yoast-seo-wordpress\/ -->\n<title>Tr\u00e1ch nhi\u1ec7m c\u1ed9ng \u0111\u1ed3ng - Du thuy\u1ec1n Peony: Du thuy\u1ec1n gi\u1ea3m gi\u00e1, \u01afu \u0111\u00e3i du thuy\u1ec1n v\u00e0o ph\u00fat cu\u1ed1i, \u01afu \u0111\u00e3i du thuy\u1ec1n m\u00f9a h\u00e8 v\u00e0 m\u00f9a \u0111\u00f4ng, \u01afu \u0111\u00e3i \u0111\u1eb7t v\u00e9 s\u1edbm 2026<\/title>\n<meta name=\"robots\" content=\"index, follow, max-snippet:-1, max-image-preview:large, max-video-preview:-1\" \/>\n<link rel=\"canonical\" href=\"https:\/\/www.peonycruises.com\/vn\/trach-nhiem-cong-dong.html\" \/>\n<meta property=\"og:locale\" content=\"vi_VN\" \/>\n<meta property=\"og:type\" content=\"article\" \/>\n<meta property=\"og:title\" content=\"Tr\u00e1ch nhi\u1ec7m c\u1ed9ng \u0111\u1ed3ng - Du thuy\u1ec1n Peony: Du thuy\u1ec1n gi\u1ea3m gi\u00e1, \u01afu \u0111\u00e3i du thuy\u1ec1n v\u00e0o ph\u00fat cu\u1ed1i, \u01afu \u0111\u00e3i du thuy\u1ec1n m\u00f9a h\u00e8 v\u00e0 m\u00f9a \u0111\u00f4ng, \u01afu \u0111\u00e3i \u0111\u1eb7t v\u00e9 s\u1edbm 2026\" \/>\n<meta property=\"og:description\" content=\"M\u1ee5c \u0111\u00edch c\u1ee7a ch\u00fang t\u00f4i l\u00e0 \u0111\u1ea3m b\u1ea3o v\u00e0 duy tr\u00ec nh\u1eefng n\u00e9t \u0111\u1eb7c tr\u01b0ng c\u1ea3nh quan thi\u00ean nhi\u00ea c\u0169ng nh\u01b0 b\u1ea3o t\u1ed3n \u0111a d\u1ea1ng v\u0103n h\u00f3a c\u1ee7a V\u1ecbnh H\u1ea1 Long v\u00e0 v\u1ecbnh Lan H\u1ea1 cho th\u1ebf h\u1ec7 t\u01b0\u01a1ng lai. Du thuy\u1ec1n Peony cam k\u1ebft ho\u1ea1t \u0111\u1ed9ng c\u00f3 tr\u00e1ch nhi\u1ec7m, v\u00ec l\u1ee3i \u00edch l\u00e2u d\u00e0i.\u00a0 &hellip; Continue reading &quot;Tr\u00e1ch nhi\u1ec7m c\u1ed9ng \u0111\u1ed3ng&quot;\" \/>\n<meta property=\"og:url\" content=\"https:\/\/www.peonycruises.com\/vn\/trach-nhiem-cong-dong.html\" \/>\n<meta property=\"og:site_name\" content=\"Du thuy\u1ec1n Peony: Du thuy\u1ec1n gi\u1ea3m gi\u00e1, \u01afu \u0111\u00e3i du thuy\u1ec1n v\u00e0o ph\u00fat cu\u1ed1i, \u01afu \u0111\u00e3i du thuy\u1ec1n m\u00f9a h\u00e8 v\u00e0 m\u00f9a \u0111\u00f4ng, \u01afu \u0111\u00e3i \u0111\u1eb7t v\u00e9 s\u1edbm 2026\" \/>\n<meta property=\"article:publisher\" content=\"https:\/\/www.facebook.com\/monchericruises\/\" \/>\n<meta property=\"article:modified_time\" content=\"2022-12-05T09:08:24+00:00\" \/>\n<meta property=\"og:image\" content=\"https:\/\/www.peonycruises.com\/vn\/wp-content\/uploads\/2020\/10\/com.jpg\" \/>\n\t<meta property=\"og:image:width\" content=\"1903\" \/>\n\t<meta property=\"og:image:height\" content=\"594\" \/>\n\t<meta property=\"og:image:type\" content=\"image\/jpeg\" \/>\n<meta name=\"twitter:card\" content=\"summary_large_image\" \/>\n<meta name=\"twitter:site\" content=\"@moncheri_cruise\" \/>\n<meta name=\"twitter:label1\" content=\"\u01af\u1edbc t\u00ednh th\u1eddi gian \u0111\u1ecdc\" \/>\n\t<meta name=\"twitter:data1\" content=\"2 ph\u00fat\" \/>\n<script type=\"application\/ld+json\" class=\"yoast-schema-graph\">{\"@context\":\"https:\\\/\\\/schema.org\",\"@graph\":[{\"@type\":\"WebPage\",\"@id\":\"https:\\\/\\\/www.peonycruises.com\\\/vn\\\/trach-nhiem-cong-dong.html\",\"url\":\"https:\\\/\\\/www.peonycruises.com\\\/vn\\\/trach-nhiem-cong-dong.html\",\"name\":\"Tr\u00e1ch nhi\u1ec7m c\u1ed9ng \u0111\u1ed3ng - Du thuy\u1ec1n Peony: Du thuy\u1ec1n gi\u1ea3m gi\u00e1, \u01afu \u0111\u00e3i du thuy\u1ec1n v\u00e0o ph\u00fat cu\u1ed1i, \u01afu \u0111\u00e3i du thuy\u1ec1n m\u00f9a h\u00e8 v\u00e0 m\u00f9a \u0111\u00f4ng, \u01afu \u0111\u00e3i \u0111\u1eb7t v\u00e9 s\u1edbm 2026\",\"isPartOf\":{\"@id\":\"https:\\\/\\\/www.peonycruises.com\\\/vn\\\/#website\"},\"primaryImageOfPage\":{\"@id\":\"https:\\\/\\\/www.peonycruises.com\\\/vn\\\/trach-nhiem-cong-dong.html#primaryimage\"},\"image\":{\"@id\":\"https:\\\/\\\/www.peonycruises.com\\\/vn\\\/trach-nhiem-cong-dong.html#primaryimage\"},\"thumbnailUrl\":\"https:\\\/\\\/www.peonycruises.com\\\/vn\\\/wp-content\\\/uploads\\\/2020\\\/10\\\/com.jpg\",\"datePublished\":\"2017-10-03T02:28:45+00:00\",\"dateModified\":\"2022-12-05T09:08:24+00:00\",\"breadcrumb\":{\"@id\":\"https:\\\/\\\/www.peonycruises.com\\\/vn\\\/trach-nhiem-cong-dong.html#breadcrumb\"},\"inLanguage\":\"vi\",\"potentialAction\":[{\"@type\":\"ReadAction\",\"target\":[\"https:\\\/\\\/www.peonycruises.com\\\/vn\\\/trach-nhiem-cong-dong.html\"]}]},{\"@type\":\"ImageObject\",\"inLanguage\":\"vi\",\"@id\":\"https:\\\/\\\/www.peonycruises.com\\\/vn\\\/trach-nhiem-cong-dong.html#primaryimage\",\"url\":\"https:\\\/\\\/www.peonycruises.com\\\/vn\\\/wp-content\\\/uploads\\\/2020\\\/10\\\/com.jpg\",\"contentUrl\":\"https:\\\/\\\/www.peonycruises.com\\\/vn\\\/wp-content\\\/uploads\\\/2020\\\/10\\\/com.jpg\",\"width\":1903,\"height\":594},{\"@type\":\"BreadcrumbList\",\"@id\":\"https:\\\/\\\/www.peonycruises.com\\\/vn\\\/trach-nhiem-cong-dong.html#breadcrumb\",\"itemListElement\":[{\"@type\":\"ListItem\",\"position\":1,\"name\":\"Home\",\"item\":\"https:\\\/\\\/www.peonycruises.com\\\/vn\"},{\"@type\":\"ListItem\",\"position\":2,\"name\":\"Tr\u00e1ch nhi\u1ec7m c\u1ed9ng \u0111\u1ed3ng\"}]},{\"@type\":\"WebSite\",\"@id\":\"https:\\\/\\\/www.peonycruises.com\\\/vn\\\/#website\",\"url\":\"https:\\\/\\\/www.peonycruises.com\\\/vn\\\/\",\"name\":\"Du thuy\u1ec1n Peony: Du thuy\u1ec1n gi\u1ea3m gi\u00e1, \u01afu \u0111\u00e3i du thuy\u1ec1n v\u00e0o ph\u00fat cu\u1ed1i, \u01afu \u0111\u00e3i du thuy\u1ec1n m\u00f9a h\u00e8 v\u00e0 m\u00f9a \u0111\u00f4ng, \u01afu \u0111\u00e3i \u0111\u1eb7t v\u00e9 s\u1edbm 2026\",\"description\":\"\",\"publisher\":{\"@id\":\"https:\\\/\\\/www.peonycruises.com\\\/vn\\\/#organization\"},\"potentialAction\":[{\"@type\":\"SearchAction\",\"target\":{\"@type\":\"EntryPoint\",\"urlTemplate\":\"https:\\\/\\\/www.peonycruises.com\\\/vn\\\/?s={search_term_string}\"},\"query-input\":{\"@type\":\"PropertyValueSpecification\",\"valueRequired\":true,\"valueName\":\"search_term_string\"}}],\"inLanguage\":\"vi\"},{\"@type\":\"Organization\",\"@id\":\"https:\\\/\\\/www.peonycruises.com\\\/vn\\\/#organization\",\"name\":\"Peony Cruises Official Website | Best Deals Halong Cruise\",\"url\":\"https:\\\/\\\/www.peonycruises.com\\\/vn\\\/\",\"logo\":{\"@type\":\"ImageObject\",\"inLanguage\":\"vi\",\"@id\":\"https:\\\/\\\/www.peonycruises.com\\\/vn\\\/#\\\/schema\\\/logo\\\/image\\\/\",\"url\":\"https:\\\/\\\/www.peonycruises.com\\\/vn\\\/wp-content\\\/uploads\\\/2019\\\/09\\\/ico.png\",\"contentUrl\":\"https:\\\/\\\/www.peonycruises.com\\\/vn\\\/wp-content\\\/uploads\\\/2019\\\/09\\\/ico.png\",\"width\":116,\"height\":116,\"caption\":\"Peony Cruises Official Website | Best Deals Halong Cruise\"},\"image\":{\"@id\":\"https:\\\/\\\/www.peonycruises.com\\\/vn\\\/#\\\/schema\\\/logo\\\/image\\\/\"},\"sameAs\":[\"https:\\\/\\\/www.facebook.com\\\/monchericruises\\\/\",\"https:\\\/\\\/x.com\\\/moncheri_cruise\",\"https:\\\/\\\/www.instagram.com\\\/moncheri_cruises\\\/\"]}]}<\/script>\n<!-- \/ Yoast SEO plugin. -->","yoast_head_json":{"title":"Tr\u00e1ch nhi\u1ec7m c\u1ed9ng \u0111\u1ed3ng - Du thuy\u1ec1n Peony: Du thuy\u1ec1n gi\u1ea3m gi\u00e1, \u01afu \u0111\u00e3i du thuy\u1ec1n v\u00e0o ph\u00fat cu\u1ed1i, \u01afu \u0111\u00e3i du thuy\u1ec1n m\u00f9a h\u00e8 v\u00e0 m\u00f9a \u0111\u00f4ng, \u01afu \u0111\u00e3i \u0111\u1eb7t v\u00e9 s\u1edbm 2026","robots":{"index":"index","follow":"follow","max-snippet":"max-snippet:-1","max-image-preview":"max-image-preview:large","max-video-preview":"max-video-preview:-1"},"canonical":"https:\/\/www.peonycruises.com\/vn\/trach-nhiem-cong-dong.html","og_locale":"vi_VN","og_type":"article","og_title":"Tr\u00e1ch nhi\u1ec7m c\u1ed9ng \u0111\u1ed3ng - Du thuy\u1ec1n Peony: Du thuy\u1ec1n gi\u1ea3m gi\u00e1, \u01afu \u0111\u00e3i du thuy\u1ec1n v\u00e0o ph\u00fat cu\u1ed1i, \u01afu \u0111\u00e3i du thuy\u1ec1n m\u00f9a h\u00e8 v\u00e0 m\u00f9a \u0111\u00f4ng, \u01afu \u0111\u00e3i \u0111\u1eb7t v\u00e9 s\u1edbm 2026","og_description":"M\u1ee5c \u0111\u00edch c\u1ee7a ch\u00fang t\u00f4i l\u00e0 \u0111\u1ea3m b\u1ea3o v\u00e0 duy tr\u00ec nh\u1eefng n\u00e9t \u0111\u1eb7c tr\u01b0ng c\u1ea3nh quan thi\u00ean nhi\u00ea c\u0169ng nh\u01b0 b\u1ea3o t\u1ed3n \u0111a d\u1ea1ng v\u0103n h\u00f3a c\u1ee7a V\u1ecbnh H\u1ea1 Long v\u00e0 v\u1ecbnh Lan H\u1ea1 cho th\u1ebf h\u1ec7 t\u01b0\u01a1ng lai. Du thuy\u1ec1n Peony cam k\u1ebft ho\u1ea1t \u0111\u1ed9ng c\u00f3 tr\u00e1ch nhi\u1ec7m, v\u00ec l\u1ee3i \u00edch l\u00e2u d\u00e0i.\u00a0 &hellip; Continue reading \"Tr\u00e1ch nhi\u1ec7m c\u1ed9ng \u0111\u1ed3ng\"","og_url":"https:\/\/www.peonycruises.com\/vn\/trach-nhiem-cong-dong.html","og_site_name":"Du thuy\u1ec1n Peony: Du thuy\u1ec1n gi\u1ea3m gi\u00e1, \u01afu \u0111\u00e3i du thuy\u1ec1n v\u00e0o ph\u00fat cu\u1ed1i, \u01afu \u0111\u00e3i du thuy\u1ec1n m\u00f9a h\u00e8 v\u00e0 m\u00f9a \u0111\u00f4ng, \u01afu \u0111\u00e3i \u0111\u1eb7t v\u00e9 s\u1edbm 2026","article_publisher":"https:\/\/www.facebook.com\/monchericruises\/","article_modified_time":"2022-12-05T09:08:24+00:00","og_image":[{"width":1903,"height":594,"url":"https:\/\/www.peonycruises.com\/vn\/wp-content\/uploads\/2020\/10\/com.jpg","type":"image\/jpeg"}],"twitter_card":"summary_large_image","twitter_site":"@moncheri_cruise","twitter_misc":{"\u01af\u1edbc t\u00ednh th\u1eddi gian \u0111\u1ecdc":"2 ph\u00fat"},"schema":{"@context":"https:\/\/schema.org","@graph":[{"@type":"WebPage","@id":"https:\/\/www.peonycruises.com\/vn\/trach-nhiem-cong-dong.html","url":"https:\/\/www.peonycruises.com\/vn\/trach-nhiem-cong-dong.html","name":"Tr\u00e1ch nhi\u1ec7m c\u1ed9ng \u0111\u1ed3ng - Du thuy\u1ec1n Peony: Du thuy\u1ec1n gi\u1ea3m gi\u00e1, \u01afu \u0111\u00e3i du thuy\u1ec1n v\u00e0o ph\u00fat cu\u1ed1i, \u01afu \u0111\u00e3i du thuy\u1ec1n m\u00f9a h\u00e8 v\u00e0 m\u00f9a \u0111\u00f4ng, \u01afu \u0111\u00e3i \u0111\u1eb7t v\u00e9 s\u1edbm 2026","isPartOf":{"@id":"https:\/\/www.peonycruises.com\/vn\/#website"},"primaryImageOfPage":{"@id":"https:\/\/www.peonycruises.com\/vn\/trach-nhiem-cong-dong.html#primaryimage"},"image":{"@id":"https:\/\/www.peonycruises.com\/vn\/trach-nhiem-cong-dong.html#primaryimage"},"thumbnailUrl":"https:\/\/www.peonycruises.com\/vn\/wp-content\/uploads\/2020\/10\/com.jpg","datePublished":"2017-10-03T02:28:45+00:00","dateModified":"2022-12-05T09:08:24+00:00","breadcrumb":{"@id":"https:\/\/www.peonycruises.com\/vn\/trach-nhiem-cong-dong.html#breadcrumb"},"inLanguage":"vi","potentialAction":[{"@type":"ReadAction","target":["https:\/\/www.peonycruises.com\/vn\/trach-nhiem-cong-dong.html"]}]},{"@type":"ImageObject","inLanguage":"vi","@id":"https:\/\/www.peonycruises.com\/vn\/trach-nhiem-cong-dong.html#primaryimage","url":"https:\/\/www.peonycruises.com\/vn\/wp-content\/uploads\/2020\/10\/com.jpg","contentUrl":"https:\/\/www.peonycruises.com\/vn\/wp-content\/uploads\/2020\/10\/com.jpg","width":1903,"height":594},{"@type":"BreadcrumbList","@id":"https:\/\/www.peonycruises.com\/vn\/trach-nhiem-cong-dong.html#breadcrumb","itemListElement":[{"@type":"ListItem","position":1,"name":"Home","item":"https:\/\/www.peonycruises.com\/vn"},{"@type":"ListItem","position":2,"name":"Tr\u00e1ch nhi\u1ec7m c\u1ed9ng \u0111\u1ed3ng"}]},{"@type":"WebSite","@id":"https:\/\/www.peonycruises.com\/vn\/#website","url":"https:\/\/www.peonycruises.com\/vn\/","name":"Du thuy\u1ec1n Peony: Du thuy\u1ec1n gi\u1ea3m gi\u00e1, \u01afu \u0111\u00e3i du thuy\u1ec1n v\u00e0o ph\u00fat cu\u1ed1i, \u01afu \u0111\u00e3i du thuy\u1ec1n m\u00f9a h\u00e8 v\u00e0 m\u00f9a \u0111\u00f4ng, \u01afu \u0111\u00e3i \u0111\u1eb7t v\u00e9 s\u1edbm 2026","description":"","publisher":{"@id":"https:\/\/www.peonycruises.com\/vn\/#organization"},"potentialAction":[{"@type":"SearchAction","target":{"@type":"EntryPoint","urlTemplate":"https:\/\/www.peonycruises.com\/vn\/?s={search_term_string}"},"query-input":{"@type":"PropertyValueSpecification","valueRequired":true,"valueName":"search_term_string"}}],"inLanguage":"vi"},{"@type":"Organization","@id":"https:\/\/www.peonycruises.com\/vn\/#organization","name":"Peony Cruises Official Website | Best Deals Halong Cruise","url":"https:\/\/www.peonycruises.com\/vn\/","logo":{"@type":"ImageObject","inLanguage":"vi","@id":"https:\/\/www.peonycruises.com\/vn\/#\/schema\/logo\/image\/","url":"https:\/\/www.peonycruises.com\/vn\/wp-content\/uploads\/2019\/09\/ico.png","contentUrl":"https:\/\/www.peonycruises.com\/vn\/wp-content\/uploads\/2019\/09\/ico.png","width":116,"height":116,"caption":"Peony Cruises Official Website | Best Deals Halong Cruise"},"image":{"@id":"https:\/\/www.peonycruises.com\/vn\/#\/schema\/logo\/image\/"},"sameAs":["https:\/\/www.facebook.com\/monchericruises\/","https:\/\/x.com\/moncheri_cruise","https:\/\/www.instagram.com\/moncheri_cruises\/"]}]}},"_links":{"self":[{"href":"https:\/\/www.peonycruises.com\/vn\/wp-json\/wp\/v2\/pages\/2745","targetHints":{"allow":["GET"]}}],"collection":[{"href":"https:\/\/www.peonycruises.com\/vn\/wp-json\/wp\/v2\/pages"}],"about":[{"href":"https:\/\/www.peonycruises.com\/vn\/wp-json\/wp\/v2\/types\/page"}],"author":[{"embeddable":true,"href":"https:\/\/www.peonycruises.com\/vn\/wp-json\/wp\/v2\/users\/1"}],"replies":[{"embeddable":true,"href":"https:\/\/www.peonycruises.com\/vn\/wp-json\/wp\/v2\/comments?post=2745"}],"version-history":[{"count":8,"href":"https:\/\/www.peonycruises.com\/vn\/wp-json\/wp\/v2\/pages\/2745\/revisions"}],"predecessor-version":[{"id":6017,"href":"https:\/\/www.peonycruises.com\/vn\/wp-json\/wp\/v2\/pages\/2745\/revisions\/6017"}],"wp:featuredmedia":[{"embeddable":true,"href":"https:\/\/www.peonycruises.com\/vn\/wp-json\/wp\/v2\/media\/5711"}],"wp:attachment":[{"href":"https:\/\/www.peonycruises.com\/vn\/wp-json\/wp\/v2\/media?parent=2745"}],"curies":[{"name":"wp","href":"https:\/\/api.w.org\/{rel}","templated":true}]}}