{"id":2961,"date":"2017-10-24T06:36:58","date_gmt":"2017-10-23T23:36:58","guid":{"rendered":"https:\/\/www.monchericruises.com\/?page_id=2961"},"modified":"2025-02-08T09:57:54","modified_gmt":"2025-02-08T02:57:54","slug":"gioi-thieu","status":"publish","type":"page","link":"https:\/\/www.peonycruises.com\/vn\/gioi-thieu.html","title":{"rendered":"GI\u1edbi thi\u1ec7u"},"content":{"rendered":"<p style=\"text-align: justify;\">Peony l\u00e0 m\u1ed9t trong nh\u1eefng du thuy\u1ec1n n\u0103m sao sang tr\u1ecdng nh\u1ea5t V\u1ecbnh H\u1ea1 Long, n\u01a1i \u0111\u01b0\u1ee3c b\u00ecnh ch\u1ecdn l\u00e0 m\u1ed9t trong 7 k\u1ef3 quan thi\u00ean nhi\u00ean m\u1edbi c\u1ee7a th\u1ebf gi\u1edbi v\u00e0o n\u0103m 2011. S\u1ef1 ra \u0111\u1eddi c\u1ee7a du thuy\u1ec1n Peony l\u00e0 s\u1ef1 n\u1ed1i ti\u1ebfp cho th\u00e0nh c\u00f4ng c\u1ee7a du thuy\u1ec1n Paloma, m\u1ed9t du thuy\u1ec1n \u0111\u00e3 v\u00e0 \u0111ang ho\u1ea1t \u0111\u1ed9ng tr\u00ean v\u1ecbnh H\u1ea1 Long v\u00e0 v\u1ecbnh B\u00e1i T\u1eed Long t\u1eeb \u0111\u1ea7u n\u0103m 2010. Du thuy\u1ec1n Peony ch\u00ednh th\u1ee9c \u0111i v\u00e0o ho\u1ea1t \u0111\u1ed9ng th\u00e1ng 1 n\u0103m 2018. Peony h\u1ee9a h\u1eb9n s\u1ebd mang \u0111\u1ebfn cho qu\u00fd kh\u00e1ch m\u1ed9t k\u1ef3 ngh\u1ec9 \u0111\u00e1ng nh\u1edb khi \u0111\u1ebfn v\u1edbi v\u1ecbnh H\u1ea1 Long \u2013 v\u1ecbnh Lan H\u1ea1. \u00a0\u00a0<\/p>\n<p style=\"text-align: justify;\">Peony x\u00e2y d\u1ef1ng c\u00e1c h\u00e0nh tr\u00ecnh \u0111\u1eb7c bi\u1ec7t d\u00e0nh cho qu\u00fd kh\u00e1ch du ngo\u1ea1n \u0111\u1ebfn khu v\u1ef1c v\u1ecbnh Lan H\u1ea1 n\u1eb1m trong khu v\u1ef1c r\u1eebng Qu\u1ed1c Gia C\u00e1t B\u00e0, n\u01a1i mang n\u00e9t \u0111\u1eb9p t\u1ef1 nhi\u00ean thanh b\u00ecnh. \u0110\u1ed3ng h\u00e0nh c\u00f9ng v\u1edbi Du thuy\u1ec1n Peony, du kh\u00e1ch s\u1ebd \u0111\u01b0\u1ee3c t\u1eadn h\u01b0\u1edfng nh\u1eefng d\u1ecbch v\u1ee5 sang tr\u1ecdng v\u00e0 chuy\u00ean nghi\u1ec7p trong khi kh\u00e1m ph\u00e1 nh\u1eefng n\u00e9t quy\u1ebfn r\u0169 \u1ea9n ch\u1ee9a c\u1ee7a v\u1ecbnh H\u1ea1 Long v\u00e0 V\u1ecbnh\u00a0 Lan H\u1ea1, th\u01b0\u1edfng ngo\u1ea1n phong c\u1ea3nh h\u1eefu t\u00ecnh c\u1ee7a nh\u1eefng d\u00e3y n\u00fai \u0111\u00e1 v\u00f4i tr\u00f9ng \u0111i\u1ec7p, nh\u1eefng b\u00e3i bi\u1ec3n nguy\u00ean s\u01a1 v\u00e0 hang \u0111\u1ed9ng huy\u1ec1n b\u00ed, nh\u1eefng k\u00ec quan kh\u00f4ng th\u1ec3 t\u00ecm th\u1ea5y \u1edf b\u1ea5t c\u1ee9 n\u01a1i \u0111\u00e2u tr\u00ean th\u1ebf gi\u1edbi.<\/p>\n<p style=\"text-align: justify;\">Du thuy\u1ec1n Peony bao g\u1ed3m 18 ph\u00f2ng \u0111\u01b0\u1ee3c thi\u1ebft k\u1ebf theo phong c\u00e1ch sang tr\u1ecdng c\u00f9ng v\u1edbi nh\u00e0 h\u00e0ng v\u00e0 qu\u00e1n bar trang nh\u00e3, ph\u00f2ng t\u1eadp gym v\u00e0 d\u1ecbch v\u1ee5 spa. Du l\u1ecbch H\u1ea1 Long &#8211; C\u00e1t B\u00e0 c\u00f9ng du thuy\u1ec1n Mon Ch\u00e9ri, b\u1ea1n s\u1ebd \u0111\u01b0\u1ee3c t\u1eadn h\u01b0\u1edfng nh\u1eefng d\u1ecbch v\u1ee5 \u1ea5m \u00e1p v\u00e0 chuy\u00ean nghi\u1ec7p. \u0110\u1ed9i ng\u0169 nh\u00e2n vi\u00ean tr\u00ean du thuy\u1ec1n \u0111\u01b0\u1ee3c \u0111\u00e0o t\u1ea1o b\u00e0i b\u1ea3n nh\u1eb1m cung c\u1ea5p d\u1ecbch v\u1ee5 t\u1ed1t nh\u1ea5t \u0111\u1ec3 mang l\u1ea1i nh\u1eefng tr\u1ea3i nghi\u1ec7m tuy\u1ec7t v\u1eddi cho qu\u00fd kh\u00e1ch.<\/p>\n<p style=\"text-align: justify;\">Du thuy\u1ec1n c\u1ee7a ch\u00fang t\u00f4i kh\u1edfi h\u00e0nh t\u1eeb c\u1ea3ng Tu\u1ea7n Ch\u00e2u thu\u1ed9c th\u00e0nh ph\u1ed1 H\u1ea1 Long, c\u00e1ch H\u00e0 N\u1ed9i 1,5 gi\u1edd l\u00e1i xe, \u0111i\u1ec1u \u0111\u00f3 \u0111\u1ed3ng ngh\u0129a v\u1edbi vi\u1ec7c qu\u00fd kh\u00e1ch s\u1ebd c\u00f3 nhi\u1ec1u th\u1eddi gian h\u01a1n tr\u00ean du thuy\u1ec1n Peony v\u00e0 t\u1eadn h\u01b0\u1edfng v\u1ebb \u0111\u1eb9p b\u1ea5t t\u1eadn c\u1ee7a v\u1ecbnh H\u1ea1 Long\u00a0 v\u00e0 V\u1ecbnh Lan H\u1ea1.<\/p>\n<p style=\"text-align: justify;\">Ch\u00fac Qu\u00fd Kh\u00e1ch m\u1ed9t chuy\u1ebfn \u0111i vui v\u1ebb v\u00e0 \u0111\u1ea7y k\u1ef7 ni\u1ec7m!<\/p>\n","protected":false},"excerpt":{"rendered":"<p>Peony l\u00e0 m\u1ed9t trong nh\u1eefng du thuy\u1ec1n n\u0103m sao sang tr\u1ecdng nh\u1ea5t V\u1ecbnh H\u1ea1 Long, n\u01a1i \u0111\u01b0\u1ee3c b\u00ecnh ch\u1ecdn l\u00e0 m\u1ed9t trong 7 k\u1ef3 quan thi\u00ean nhi\u00ean m\u1edbi c\u1ee7a th\u1ebf gi\u1edbi v\u00e0o n\u0103m 2011. S\u1ef1 ra \u0111\u1eddi c\u1ee7a du thuy\u1ec1n Peony l\u00e0 s\u1ef1 n\u1ed1i ti\u1ebfp cho th\u00e0nh c\u00f4ng c\u1ee7a du thuy\u1ec1n Paloma, m\u1ed9t du thuy\u1ec1n &hellip; <\/p>\n<p class=\"link-more\"><a href=\"https:\/\/www.peonycruises.com\/vn\/gioi-thieu.html\" class=\"more-link\">Continue reading<span class=\"screen-reader-text\"> &#8220;GI\u1edbi thi\u1ec7u&#8221;<\/span><\/a><\/p>\n","protected":false},"author":1,"featured_media":5808,"parent":0,"menu_order":0,"comment_status":"closed","ping_status":"closed","template":"temp_aboutus.php","meta":{"footnotes":""},"class_list":["post-2961","page","type-page","status-publish","has-post-thumbnail","hentry"],"yoast_head":"<!-- This site is optimized with the Yoast SEO plugin v27.5 - https:\/\/yoast.com\/product\/yoast-seo-wordpress\/ -->\n<title>About us | Peony Cruises | Halong Bay &amp; Cat Ba Island<\/title>\n<meta name=\"description\" content=\"Peony Cruises - Summer Cruise Deals 2025, save up 50%. Best 5 star cruise in Halong bay and Lan Ha Bay - Cat Ba island\" \/>\n<meta name=\"robots\" content=\"index, follow, max-snippet:-1, max-image-preview:large, max-video-preview:-1\" \/>\n<link rel=\"canonical\" href=\"https:\/\/www.peonycruises.com\/vn\/gioi-thieu.html\" \/>\n<meta property=\"og:locale\" content=\"vi_VN\" \/>\n<meta property=\"og:type\" content=\"article\" \/>\n<meta property=\"og:title\" content=\"About us | Peony Cruises | Halong Bay &amp; Cat Ba Island\" \/>\n<meta property=\"og:description\" content=\"Peony Cruises - Summer Cruise Deals 2025, save up 50%. Best 5 star cruise in Halong bay and Lan Ha Bay - Cat Ba island\" \/>\n<meta property=\"og:url\" content=\"https:\/\/www.peonycruises.com\/vn\/gioi-thieu.html\" \/>\n<meta property=\"og:site_name\" content=\"Du thuy\u1ec1n Peony: Du thuy\u1ec1n gi\u1ea3m gi\u00e1, \u01afu \u0111\u00e3i du thuy\u1ec1n v\u00e0o ph\u00fat cu\u1ed1i, \u01afu \u0111\u00e3i du thuy\u1ec1n m\u00f9a h\u00e8 v\u00e0 m\u00f9a \u0111\u00f4ng, \u01afu \u0111\u00e3i \u0111\u1eb7t v\u00e9 s\u1edbm 2026\" \/>\n<meta property=\"article:publisher\" content=\"https:\/\/www.facebook.com\/monchericruises\/\" \/>\n<meta property=\"article:modified_time\" content=\"2025-02-08T02:57:54+00:00\" \/>\n<meta property=\"og:image\" content=\"https:\/\/www.peonycruises.com\/vn\/wp-content\/uploads\/2021\/01\/99.jpg\" \/>\n\t<meta property=\"og:image:width\" content=\"1903\" \/>\n\t<meta property=\"og:image:height\" content=\"594\" \/>\n\t<meta property=\"og:image:type\" content=\"image\/jpeg\" \/>\n<meta name=\"twitter:card\" content=\"summary_large_image\" \/>\n<meta name=\"twitter:site\" content=\"@moncheri_cruise\" \/>\n<meta name=\"twitter:label1\" content=\"\u01af\u1edbc t\u00ednh th\u1eddi gian \u0111\u1ecdc\" \/>\n\t<meta name=\"twitter:data1\" content=\"3 ph\u00fat\" \/>\n<script type=\"application\/ld+json\" class=\"yoast-schema-graph\">{\"@context\":\"https:\\\/\\\/schema.org\",\"@graph\":[{\"@type\":\"WebPage\",\"@id\":\"https:\\\/\\\/www.peonycruises.com\\\/vn\\\/gioi-thieu.html\",\"url\":\"https:\\\/\\\/www.peonycruises.com\\\/vn\\\/gioi-thieu.html\",\"name\":\"About us | Peony Cruises | Halong Bay & Cat Ba Island\",\"isPartOf\":{\"@id\":\"https:\\\/\\\/www.peonycruises.com\\\/vn\\\/#website\"},\"primaryImageOfPage\":{\"@id\":\"https:\\\/\\\/www.peonycruises.com\\\/vn\\\/gioi-thieu.html#primaryimage\"},\"image\":{\"@id\":\"https:\\\/\\\/www.peonycruises.com\\\/vn\\\/gioi-thieu.html#primaryimage\"},\"thumbnailUrl\":\"https:\\\/\\\/www.peonycruises.com\\\/vn\\\/wp-content\\\/uploads\\\/2021\\\/01\\\/99.jpg\",\"datePublished\":\"2017-10-23T23:36:58+00:00\",\"dateModified\":\"2025-02-08T02:57:54+00:00\",\"description\":\"Peony Cruises - Summer Cruise Deals 2025, save up 50%. Best 5 star cruise in Halong bay and Lan Ha Bay - Cat Ba island\",\"breadcrumb\":{\"@id\":\"https:\\\/\\\/www.peonycruises.com\\\/vn\\\/gioi-thieu.html#breadcrumb\"},\"inLanguage\":\"vi\",\"potentialAction\":[{\"@type\":\"ReadAction\",\"target\":[\"https:\\\/\\\/www.peonycruises.com\\\/vn\\\/gioi-thieu.html\"]}]},{\"@type\":\"ImageObject\",\"inLanguage\":\"vi\",\"@id\":\"https:\\\/\\\/www.peonycruises.com\\\/vn\\\/gioi-thieu.html#primaryimage\",\"url\":\"https:\\\/\\\/www.peonycruises.com\\\/vn\\\/wp-content\\\/uploads\\\/2021\\\/01\\\/99.jpg\",\"contentUrl\":\"https:\\\/\\\/www.peonycruises.com\\\/vn\\\/wp-content\\\/uploads\\\/2021\\\/01\\\/99.jpg\",\"width\":1903,\"height\":594},{\"@type\":\"BreadcrumbList\",\"@id\":\"https:\\\/\\\/www.peonycruises.com\\\/vn\\\/gioi-thieu.html#breadcrumb\",\"itemListElement\":[{\"@type\":\"ListItem\",\"position\":1,\"name\":\"Home\",\"item\":\"https:\\\/\\\/www.peonycruises.com\\\/vn\"},{\"@type\":\"ListItem\",\"position\":2,\"name\":\"GI\u1edbi thi\u1ec7u\"}]},{\"@type\":\"WebSite\",\"@id\":\"https:\\\/\\\/www.peonycruises.com\\\/vn\\\/#website\",\"url\":\"https:\\\/\\\/www.peonycruises.com\\\/vn\\\/\",\"name\":\"Du thuy\u1ec1n Peony: Du thuy\u1ec1n gi\u1ea3m gi\u00e1, \u01afu \u0111\u00e3i du thuy\u1ec1n v\u00e0o ph\u00fat cu\u1ed1i, \u01afu \u0111\u00e3i du thuy\u1ec1n m\u00f9a h\u00e8 v\u00e0 m\u00f9a \u0111\u00f4ng, \u01afu \u0111\u00e3i \u0111\u1eb7t v\u00e9 s\u1edbm 2026\",\"description\":\"\",\"publisher\":{\"@id\":\"https:\\\/\\\/www.peonycruises.com\\\/vn\\\/#organization\"},\"potentialAction\":[{\"@type\":\"SearchAction\",\"target\":{\"@type\":\"EntryPoint\",\"urlTemplate\":\"https:\\\/\\\/www.peonycruises.com\\\/vn\\\/?s={search_term_string}\"},\"query-input\":{\"@type\":\"PropertyValueSpecification\",\"valueRequired\":true,\"valueName\":\"search_term_string\"}}],\"inLanguage\":\"vi\"},{\"@type\":\"Organization\",\"@id\":\"https:\\\/\\\/www.peonycruises.com\\\/vn\\\/#organization\",\"name\":\"Peony Cruises Official Website | Best Deals Halong Cruise\",\"url\":\"https:\\\/\\\/www.peonycruises.com\\\/vn\\\/\",\"logo\":{\"@type\":\"ImageObject\",\"inLanguage\":\"vi\",\"@id\":\"https:\\\/\\\/www.peonycruises.com\\\/vn\\\/#\\\/schema\\\/logo\\\/image\\\/\",\"url\":\"https:\\\/\\\/www.peonycruises.com\\\/vn\\\/wp-content\\\/uploads\\\/2019\\\/09\\\/ico.png\",\"contentUrl\":\"https:\\\/\\\/www.peonycruises.com\\\/vn\\\/wp-content\\\/uploads\\\/2019\\\/09\\\/ico.png\",\"width\":116,\"height\":116,\"caption\":\"Peony Cruises Official Website | Best Deals Halong Cruise\"},\"image\":{\"@id\":\"https:\\\/\\\/www.peonycruises.com\\\/vn\\\/#\\\/schema\\\/logo\\\/image\\\/\"},\"sameAs\":[\"https:\\\/\\\/www.facebook.com\\\/monchericruises\\\/\",\"https:\\\/\\\/x.com\\\/moncheri_cruise\",\"https:\\\/\\\/www.instagram.com\\\/moncheri_cruises\\\/\"]}]}<\/script>\n<!-- \/ Yoast SEO plugin. -->","yoast_head_json":{"title":"About us | Peony Cruises | Halong Bay & Cat Ba Island","description":"Peony Cruises - Summer Cruise Deals 2025, save up 50%. Best 5 star cruise in Halong bay and Lan Ha Bay - Cat Ba island","robots":{"index":"index","follow":"follow","max-snippet":"max-snippet:-1","max-image-preview":"max-image-preview:large","max-video-preview":"max-video-preview:-1"},"canonical":"https:\/\/www.peonycruises.com\/vn\/gioi-thieu.html","og_locale":"vi_VN","og_type":"article","og_title":"About us | Peony Cruises | Halong Bay & Cat Ba Island","og_description":"Peony Cruises - Summer Cruise Deals 2025, save up 50%. Best 5 star cruise in Halong bay and Lan Ha Bay - Cat Ba island","og_url":"https:\/\/www.peonycruises.com\/vn\/gioi-thieu.html","og_site_name":"Du thuy\u1ec1n Peony: Du thuy\u1ec1n gi\u1ea3m gi\u00e1, \u01afu \u0111\u00e3i du thuy\u1ec1n v\u00e0o ph\u00fat cu\u1ed1i, \u01afu \u0111\u00e3i du thuy\u1ec1n m\u00f9a h\u00e8 v\u00e0 m\u00f9a \u0111\u00f4ng, \u01afu \u0111\u00e3i \u0111\u1eb7t v\u00e9 s\u1edbm 2026","article_publisher":"https:\/\/www.facebook.com\/monchericruises\/","article_modified_time":"2025-02-08T02:57:54+00:00","og_image":[{"width":1903,"height":594,"url":"https:\/\/www.peonycruises.com\/vn\/wp-content\/uploads\/2021\/01\/99.jpg","type":"image\/jpeg"}],"twitter_card":"summary_large_image","twitter_site":"@moncheri_cruise","twitter_misc":{"\u01af\u1edbc t\u00ednh th\u1eddi gian \u0111\u1ecdc":"3 ph\u00fat"},"schema":{"@context":"https:\/\/schema.org","@graph":[{"@type":"WebPage","@id":"https:\/\/www.peonycruises.com\/vn\/gioi-thieu.html","url":"https:\/\/www.peonycruises.com\/vn\/gioi-thieu.html","name":"About us | Peony Cruises | Halong Bay & Cat Ba Island","isPartOf":{"@id":"https:\/\/www.peonycruises.com\/vn\/#website"},"primaryImageOfPage":{"@id":"https:\/\/www.peonycruises.com\/vn\/gioi-thieu.html#primaryimage"},"image":{"@id":"https:\/\/www.peonycruises.com\/vn\/gioi-thieu.html#primaryimage"},"thumbnailUrl":"https:\/\/www.peonycruises.com\/vn\/wp-content\/uploads\/2021\/01\/99.jpg","datePublished":"2017-10-23T23:36:58+00:00","dateModified":"2025-02-08T02:57:54+00:00","description":"Peony Cruises - Summer Cruise Deals 2025, save up 50%. Best 5 star cruise in Halong bay and Lan Ha Bay - Cat Ba island","breadcrumb":{"@id":"https:\/\/www.peonycruises.com\/vn\/gioi-thieu.html#breadcrumb"},"inLanguage":"vi","potentialAction":[{"@type":"ReadAction","target":["https:\/\/www.peonycruises.com\/vn\/gioi-thieu.html"]}]},{"@type":"ImageObject","inLanguage":"vi","@id":"https:\/\/www.peonycruises.com\/vn\/gioi-thieu.html#primaryimage","url":"https:\/\/www.peonycruises.com\/vn\/wp-content\/uploads\/2021\/01\/99.jpg","contentUrl":"https:\/\/www.peonycruises.com\/vn\/wp-content\/uploads\/2021\/01\/99.jpg","width":1903,"height":594},{"@type":"BreadcrumbList","@id":"https:\/\/www.peonycruises.com\/vn\/gioi-thieu.html#breadcrumb","itemListElement":[{"@type":"ListItem","position":1,"name":"Home","item":"https:\/\/www.peonycruises.com\/vn"},{"@type":"ListItem","position":2,"name":"GI\u1edbi thi\u1ec7u"}]},{"@type":"WebSite","@id":"https:\/\/www.peonycruises.com\/vn\/#website","url":"https:\/\/www.peonycruises.com\/vn\/","name":"Du thuy\u1ec1n Peony: Du thuy\u1ec1n gi\u1ea3m gi\u00e1, \u01afu \u0111\u00e3i du thuy\u1ec1n v\u00e0o ph\u00fat cu\u1ed1i, \u01afu \u0111\u00e3i du thuy\u1ec1n m\u00f9a h\u00e8 v\u00e0 m\u00f9a \u0111\u00f4ng, \u01afu \u0111\u00e3i \u0111\u1eb7t v\u00e9 s\u1edbm 2026","description":"","publisher":{"@id":"https:\/\/www.peonycruises.com\/vn\/#organization"},"potentialAction":[{"@type":"SearchAction","target":{"@type":"EntryPoint","urlTemplate":"https:\/\/www.peonycruises.com\/vn\/?s={search_term_string}"},"query-input":{"@type":"PropertyValueSpecification","valueRequired":true,"valueName":"search_term_string"}}],"inLanguage":"vi"},{"@type":"Organization","@id":"https:\/\/www.peonycruises.com\/vn\/#organization","name":"Peony Cruises Official Website | Best Deals Halong Cruise","url":"https:\/\/www.peonycruises.com\/vn\/","logo":{"@type":"ImageObject","inLanguage":"vi","@id":"https:\/\/www.peonycruises.com\/vn\/#\/schema\/logo\/image\/","url":"https:\/\/www.peonycruises.com\/vn\/wp-content\/uploads\/2019\/09\/ico.png","contentUrl":"https:\/\/www.peonycruises.com\/vn\/wp-content\/uploads\/2019\/09\/ico.png","width":116,"height":116,"caption":"Peony Cruises Official Website | Best Deals Halong Cruise"},"image":{"@id":"https:\/\/www.peonycruises.com\/vn\/#\/schema\/logo\/image\/"},"sameAs":["https:\/\/www.facebook.com\/monchericruises\/","https:\/\/x.com\/moncheri_cruise","https:\/\/www.instagram.com\/moncheri_cruises\/"]}]}},"_links":{"self":[{"href":"https:\/\/www.peonycruises.com\/vn\/wp-json\/wp\/v2\/pages\/2961","targetHints":{"allow":["GET"]}}],"collection":[{"href":"https:\/\/www.peonycruises.com\/vn\/wp-json\/wp\/v2\/pages"}],"about":[{"href":"https:\/\/www.peonycruises.com\/vn\/wp-json\/wp\/v2\/types\/page"}],"author":[{"embeddable":true,"href":"https:\/\/www.peonycruises.com\/vn\/wp-json\/wp\/v2\/users\/1"}],"replies":[{"embeddable":true,"href":"https:\/\/www.peonycruises.com\/vn\/wp-json\/wp\/v2\/comments?post=2961"}],"version-history":[{"count":21,"href":"https:\/\/www.peonycruises.com\/vn\/wp-json\/wp\/v2\/pages\/2961\/revisions"}],"predecessor-version":[{"id":6023,"href":"https:\/\/www.peonycruises.com\/vn\/wp-json\/wp\/v2\/pages\/2961\/revisions\/6023"}],"wp:featuredmedia":[{"embeddable":true,"href":"https:\/\/www.peonycruises.com\/vn\/wp-json\/wp\/v2\/media\/5808"}],"wp:attachment":[{"href":"https:\/\/www.peonycruises.com\/vn\/wp-json\/wp\/v2\/media?parent=2961"}],"curies":[{"name":"wp","href":"https:\/\/api.w.org\/{rel}","templated":true}]}}