{"id":5416,"date":"2020-09-10T11:22:12","date_gmt":"2020-09-10T04:22:12","guid":{"rendered":"https:\/\/www.monchericruises.com\/?page_id=5416"},"modified":"2023-04-28T13:39:23","modified_gmt":"2023-04-28T06:39:23","slug":"dieu-khoan-dieu-kien","status":"publish","type":"page","link":"https:\/\/www.peonycruises.com\/vn\/dieu-khoan-dieu-kien.html","title":{"rendered":"\u0110i\u1ec1u kho\u1ea3n &#038; \u0111i\u1ec1u ki\u1ec7n"},"content":{"rendered":"<h1 class=\"title-post\" style=\"text-align: justify;\"><span style=\"font-size: 1rem;\">Xin ch\u00e0o, vui l\u00f2ng \u0111\u1ecdc k\u1ef9 nh\u1eefng \u0111i\u1ec1u kho\u1ea3n v\u00e0 \u0111i\u1ec1u ki\u1ec7n sau. Khi \u0111\u1eb7t ph\u00f2ng tr\u1ef1c tuy\u1ebfn ho\u1eb7c \u0111i\u1ec1n v\u00e0o m\u1eabu \u0111\u1eb7t ph\u00f2ng c\u1ee7a ch\u00fang t\u00f4i qua \u0111i\u1ec7n tho\u1ea1i ho\u1eb7c b\u1eb1ng email, b\u1ea1n \u0111\u01b0\u1ee3c coi l\u00e0 \u0111\u00e3 \u0111\u1ecdc v\u00e0 ch\u1ea5p nh\u1eadn c\u00e1c \u0111i\u1ec1u ki\u1ec7n v\u00e0 c\u00e1c \u0111i\u1ec1u kho\u1ea3n \u0111\u1eb7t ph\u00f2ng c\u1ee7a ch\u00fang t\u00f4i thay m\u1eb7t cho t\u1ea5t c\u1ea3 c\u00e1c th\u00e0nh vi\u00ean trong \u0111o\u00e0n c\u1ee7a b\u1ea1n.<\/span><\/h1>\n<article class=\"post-content\">\n<p style=\"text-align: justify;\">Nh\u1eefng \u0111i\u1ec1u kho\u1ea3n v\u00e0 \u0111i\u1ec1u ki\u1ec7n n\u00e0y t\u1ea1o th\u00e0nh m\u1ed9t th\u1ecfa thu\u1eadn v\u1edbi b\u00ean cung c\u1ea5p d\u1ecbch v\u1ee5. B\u1eb1ng c\u00e1ch \u00a0truy c\u1eadp trang web, b\u1ea1n ch\u1ea5p nh\u1eadn c\u00e1c \u0111i\u1ec1u kho\u1ea3n v\u00e0 \u0111i\u1ec1u ki\u1ec7n n\u00e0y. C\u00e1c \u0111i\u1ec1u kho\u1ea3n v\u00e0 \u0111i\u1ec1u ki\u1ec7n c\u00f3 th\u1ec3 thay \u0111\u1ed5i b\u1ea5t c\u1ee9 l\u00fac n\u00e0o v\u00e0 b\u1ea1n c\u00f3 tr\u00e1ch nhi\u1ec7m ki\u1ec3m tra c\u00e1c \u0111i\u1ec1u kho\u1ea3n v\u00e0 \u0111i\u1ec1u ki\u1ec7n n\u00e0y th\u01b0\u1eddng xuy\u00ean trong tr\u01b0\u1eddng h\u1ee3p c\u00f3 b\u1ea5t k\u1ef3 thay \u0111\u1ed5i n\u00e0o x\u1ea3y ra.<\/p>\n<p style=\"text-align: justify;\"><strong>1. Gi\u00e1 t\u00e0u<\/strong><\/p>\n<p style=\"text-align: justify;\">T\u1ea5t c\u1ea3 gi\u00e1 cho t\u00e0u n\u00f3i chung \u0111\u01b0\u1ee3c t\u00ednh tr\u00ean m\u1ed7i cabin. Gi\u00e1 v\u00e0 thu\u1ebf ph\u00ed c\u1ee7a ch\u00fang t\u00f4i \u0111\u01b0\u1ee3c t\u00ednh b\u1eb1ng Vi\u1ec7t Nam \u0110\u1ed3ng.<\/p>\n<p style=\"text-align: justify;\"><strong>2. Thanh to\u00e1n \u0111\u1ec3 \u0111\u1ea3m b\u1ea3o vi\u1ec7c \u0111\u1eb7t ph\u00f2ng<\/strong><\/p>\n<p style=\"text-align: justify;\">Vi\u1ec7c \u0111\u1eb7t ph\u00f2ng c\u1ee7a b\u1ea1n \u0111\u01b0\u1ee3c x\u00e1c nh\u1eadn khi kho\u1ea3n ti\u1ec1n \u0111\u00e3 \u0111\u01b0\u1ee3c thanh to\u00e1n b\u1eb1ng th\u1ebb t\u00edn d\u1ee5ng ho\u1eb7c chuy\u1ec3n kho\u1ea3n qua ng\u00e2n h\u00e0ng v\u00e0 ph\u1ea3i \u0111\u01b0\u1ee3c T\u00e0u Peony x\u00e1c nh\u1eadn. T\u1ea5t c\u1ea3 c\u00e1c x\u00e1c nh\u1eadn \u0111\u1ec1u \u0111\u01b0\u1ee3c th\u00f4ng b\u00e1o b\u1eb1ng email trong v\u00f2ng 2 ng\u00e0y l\u00e0m vi\u1ec7c. Trong tr\u01b0\u1eddng h\u1ee3p kh\u00f4ng th\u1ec3 x\u00e1c nh\u1eadn ngay l\u1eadp t\u1ee9c, ch\u00fang t\u00f4i s\u1ebd th\u00f4ng b\u00e1o cho b\u1ea1n v\u1ec1 t\u00ecnh tr\u1ea1ng \u0111\u1eb7t ph\u00f2ng t\u1ea1i th\u1eddi \u0111i\u1ec3m \u0111\u1eb7t ph\u00f2ng.<\/p>\n<p style=\"text-align: justify;\"><strong>3. Ch\u00ednh s\u00e1ch tr\u1ebb em v\u00e0 gi\u01b0\u1eddng ph\u1ee5<\/strong><\/p>\n<ul style=\"text-align: justify;\">\n<li>T\u1ea5t c\u1ea3 c\u00e1c tr\u1ebb em \u0111\u1ec1u \u0111\u01b0\u1ee3c ch\u00e0o \u0111\u00f3n.<\/li>\n<li>Tr\u1ebb em d\u01b0\u1edbi 5 tu\u1ed5i \u0111\u01b0\u1ee3c mi\u1ec5n ph\u00ed khi s\u1eed d\u1ee5ng c\u00f9ng gi\u01b0\u1eddng hi\u1ec7n c\u00f3 v\u00e0 chia s\u1ebb b\u1eefa \u0103n v\u1edbi b\u1ed1 m\u1eb9. Ch\u1ec9 \u00e1p d\u1ee5ng mi\u1ec5n ph\u00ed cho 1 tr\u1ebb\/ ph\u00f2ng. N\u1ebfu c\u00f3 nhi\u1ec1u h\u01a1n m\u1ed9t tr\u1ebb em d\u01b0\u1edbi 5 tu\u1ed5i, tr\u1ebb em \u0111\u00f3 s\u1ebd ph\u1ea3i tr\u1ea3 50% gi\u00e1 ng\u01b0\u1eddi l\u1edbn, s\u1eed d\u1ee5ng gi\u01b0\u1eddng hi\u1ec7n c\u00f3 v\u00e0 c\u00f3 b\u1eefa \u0103n ri\u00eang.<\/li>\n<li>Tr\u1ebb em t\u1eeb 5 tu\u1ed5i \u0111\u1ebfn 11 tu\u1ed5i \u0111\u01b0\u1ee3c t\u00ednh 75% gi\u00e1 ng\u01b0\u1eddi l\u1edbn theo ch\u00ednh s\u00e1ch c\u1ee7a t\u00e0u, s\u1eed d\u1ee5ng gi\u01b0\u1eddng hi\u1ec7n c\u00f3 v\u00e0 c\u00f3 b\u1eefa \u0103n ri\u00eang.<\/li>\n<li>Tr\u1ebb em t\u1eeb 12 tu\u1ed5i tr\u1edf l\u00ean \u0111\u01b0\u1ee3c t\u00ednh v\u1edbi gi\u00e1 ng\u01b0\u1eddi l\u1edbn.<\/li>\n<\/ul>\n<p style=\"text-align: justify;\">B\u1ea5t k\u1ef3 lo\u1ea1i gi\u01b0\u1eddng ph\u1ee5 ho\u1eb7c n\u00f4i\/ c\u0169i tr\u1ebb em l\u00e0 theo y\u00eau c\u1ea7u c\u1ee7a kh\u00e1ch v\u00e0 c\u1ea7n ph\u1ea3i \u0111\u01b0\u1ee3c x\u00e1c nh\u1eadn b\u1edfi qu\u1ea3n l\u00fd t\u00e0u.<\/p>\n<p style=\"text-align: justify;\">C\u00e1c d\u1ecbch v\u1ee5 b\u1ed5 sung kh\u00f4ng \u0111\u01b0\u1ee3c t\u00ednh t\u1ef1 \u0111\u1ed9ng trong t\u1ed5ng chi ph\u00ed v\u00e0 s\u1ebd ph\u1ea3i \u0111\u01b0\u1ee3c thanh to\u00e1n ri\u00eang.<\/p>\n<p style=\"text-align: justify;\"><strong>4. Ch\u00ednh s\u00e1ch h\u1ee7y<\/strong><\/p>\n<p style=\"text-align: justify;\">Vi\u1ec7c h\u1ee7y \u0111\u1eb7t ph\u00f2ng s\u1ebd \u0111\u01b0\u1ee3c t\u00ednh nh\u01b0 sau:<\/p>\n<p style=\"text-align: justify;\"><strong>a.\u00a0<\/strong><strong>H<\/strong><strong>\u1ee7y b\u1edfi kh\u00e1ch:<\/strong><\/p>\n<p style=\"text-align: justify;\">T\u00ednh ph\u00ed 100% t\u1ed5ng gi\u00e1 \u0111\u0103\u0323t pho\u0300ng<\/p>\n<p style=\"text-align: justify;\"><strong>b. H\u1ee7y b\u1edfi\u00a0<\/strong><strong>Du Thuy\u1ec1n\u00a0<\/strong><strong>Peony<\/strong><\/p>\n<p style=\"text-align: justify;\">Ch\u00fang t\u00f4i c\u00f3 quy\u1ec1n h\u1ee7y \u0111\u01a1n \u0111\u1eb7t ph\u00f2ng c\u1ee7a b\u1ea1n trong m\u1ed9t s\u1ed1 tr\u01b0\u1eddng h\u1ee3p kh\u00f4ng th\u1ec3 tr\u00e1nh kh\u1ecfi nh\u01b0: \u0111i\u1ec1u ki\u1ec7n th\u1eddi ti\u1ebft, di\u0323ch b\u00ea\u0323nh, chi\u1ebfn tranh, xung \u0111\u1ed9t d\u00e2n s\u1ef1, tranh ch\u1ea5p c\u00f4ng nghi\u1ec7p, thi\u00ean tai, kh\u1ee7ng b\u1ed1 ho\u1eb7c theo l\u1ec7nh c\u1ee7a C\u01a1 quan \u0110\u1ecba ph\u01b0\u01a1ng. \u0110i\u1ec1u ki\u1ec7n th\u1eddi ti\u1ebft x\u1ea5u c\u0169ng s\u1ebd d\u1eabn \u0111\u1ebfn vi\u1ec7c h\u1ee7y b\u1ecf \u0111\u1ec3 \u0111\u1ea3m b\u1ea3o s\u1ef1 an to\u00e0n c\u1ee7a b\u1ea1n.<\/p>\n<p style=\"text-align: justify;\"><em><strong>C\u00e1c ch\u00ednh s\u00e1ch sau s\u1ebd \u0111\u01b0\u1ee3c \u00e1p d\u1ee5ng cho th\u1eddi ti\u1ebft x\u1ea5u:<\/strong><\/em><\/p>\n<ul style=\"text-align: justify;\">\n<li>N\u1ebfu vi\u1ec7c h\u1ee7y t\u00e0u \u0111\u01b0\u1ee3c th\u00f4ng b\u00e1o cho kh\u00e1ch tr\u01b0\u1edbc khi r\u1eddi H\u00e0 N\u1ed9i \u0111\u1ec3 \u0111\u1ebfn H\u1ea3i Ph\u00f2ng v\u00e0 kh\u00e1ch ch\u01b0a s\u1eed d\u1ee5ng b\u1ea5t k\u1ef3 d\u1ecbch v\u1ee5 n\u00e0o: ho\u00e0n ti\u1ec1n 100%.<\/li>\n<li>N\u1ebfu Du Thuy\u1ec1n Peony th\u00f4ng b\u00e1o h\u1ee7y trong chuy\u1ebfn \u0111i (kh\u00e1ch \u0111\u00e3 s\u1eed d\u1ee5ng m\u1ed9t s\u1ed1 d\u1ecbch v\u1ee5: v\u00ed d\u1ee5: xe \u0111\u01b0a \u0111\u00f3n, \u0103n tr\u01b0a, th\u0103m quan, kh\u00e1ch s\u1ea1n \u1edf H\u1ea1 Long, vv): Ch\u1ec9 t\u00ednh ph\u00ed th\u1ef1c t\u1ebf c\u1ee7a c\u00e1c d\u1ecbch v\u1ee5 n\u00e0y v\u00e0 ch\u00fang t\u00f4i s\u1ebd ho\u00e0n tr\u1ea3 s\u1ed1 ti\u1ec1n c\u00f2n l\u1ea1i.<\/li>\n<li>Vi\u1ec7c h\u1ee7y t\u00e0u s\u1ebd ch\u1ec9 \u0111\u01b0\u1ee3c C\u1ea3ng v\u1ee5 H\u1ea3i Ph\u00f2ng H\u1ea3i Ph\u00f2ng th\u00f4ng b\u00e1o v\u00e0 th\u01b0\u1eddng l\u00e0 th\u00f4ng b\u00e1o ng\u1eafn g\u1ecdn. Do \u0111\u00f3 ch\u00fang t\u00f4i r\u1ea5t tr\u00e2n tr\u1ecdng s\u1ef1 c\u1ea3m th\u00f4ng c\u1ee7a b\u1ea1n trong nh\u1eefng t\u00ecnh hu\u1ed1ng n\u00e0y v\u00ec ho\u00e0n c\u1ea3nh n\u00e0y ho\u00e0n to\u00e0n n\u1eb1m ngo\u00e0i t\u1ea7m ki\u1ec3m so\u00e1t c\u1ee7a ch\u00fang t\u00f4i.<\/li>\n<\/ul>\n<p style=\"text-align: justify;\"><em><strong>C\u00e1c ch\u00ednh s\u00e1ch sau s\u1ebd \u0111\u01b0\u1ee3c \u00e1p d\u1ee5ng cho di\u0323ch COVID 19:<\/strong><\/em><\/p>\n<ul style=\"text-align: justify;\">\n<li>\u0110\u1ed1i v\u1edbi booking \u0111\u00e3 \u0111\u1eb7t, qu\u00fd kh\u00e1ch h\u00e0ng s\u1ebd \u0111\u01b0\u1ee3c linh ho\u1ea1t \u0111\u1ed5i ng\u00e0y mi\u1ec5n ph\u00ed l\u1ea7n \u0111\u1ea7u ti\u00ean v\u00e0 b\u00e1o ho\u00e3n tr\u01b0\u1edbc \u00edt nh\u1ea5t 2 ng\u00e0y tr\u01b0\u1edbc ng\u00e0y kh\u1edfi h\u00e0nh. Ph\u00ed \u0111\u1ed5i ng\u00e0y l\u1ea7n 2 tr\u1edf \u0111i l\u00e0 100.000\u0111\/ph\u00f2ng\/1 l\u1ea7n \u0111\u1ed5i, t\u1ed1i \u0111a kh\u00f4ng qu\u00e1 3 l\u1ea7n \u0111\u1ed5i ng\u00e0y. H\u1ea1n s\u1eed d\u1ee5ng d\u1ecbch v\u1ee5 \u0111\u1ebfn ng\u00e0y 31\/12\/2020.<\/li>\n<li>N\u1ebfu t\u00ecnh h\u00ecnh d\u1ecbch b\u1ec7nh tr\u1edf n\u00ean ph\u1ee9c t\u1ea1p d\u1eabn \u0111\u1ebfn vi\u1ec7c du thuy\u1ec1n bu\u1ed9c ph\u1ea3i d\u1eebng ho\u1ea1t \u0111\u1ed9ng theo y\u00eau c\u1ea7u c\u1ee7a c\u01a1 quan qu\u1ea3n l\u00fd nh\u00e0 n\u01b0\u1edbc, \u0111\u1eb7t ph\u00f2ng c\u1ee7a qu\u00fd kh\u00e1ch s\u1ebd \u0111\u01b0\u1ee3c b\u1ea3o l\u01b0u gi\u00e1 tr\u1ecb v\u00e0 k\u00e9o d\u00e0i h\u1ea1n s\u1eed d\u1ee5ng \u0111\u1ebfn 31\/12\/2020.<\/li>\n<li>Trong tr\u01b0\u1eddng h\u1ee3p \u0111\u1ebfn h\u1ebft 31\/12\/2020 t\u00ecnh h\u00ecnh d\u1ecbch b\u1ec7nh v\u1eabn di\u1ec5n bi\u1ebfn ph\u1ee9c t\u1ea1p, du thuy\u1ec1n v\u1eabn bu\u1ed9c ph\u1ea3i d\u1eebng ho\u1ea1t \u0111\u1ed9ng theo y\u00eau c\u1ea7u c\u1ee7a c\u01a1 quan qu\u1ea3n l\u00fd nh\u00e0 n\u01b0\u1edbc, kh\u00e1ch h\u00e0ng s\u1ebd \u0111\u01b0\u1ee3c b\u1ea3o l\u01b0u \u0111\u1eb7t ph\u00f2ng \u0111\u1ebfn h\u1ebft ng\u00e0y 31\/03\/2021.<\/li>\n<li>\u0110\u1ed1i v\u1edbi c\u00e1c \u0111\u1eb7t ph\u00f2ng \u0111\u1ed5i sang ng\u00e0y kh\u1edfi h\u00e0nh m\u1edbi, kh\u00e1ch h\u00e0ng c\u1ea7n li\u00ean h\u1ec7 Big Bay Group tr\u01b0\u1edbc \u00edt nh\u1ea5t 7 ng\u00e0y \u0111\u1ec3 ki\u1ec3m tra t\u00ecnh tr\u1ea1ng ph\u00f2ng tr\u1ed1ng, s\u1ebd \u00e1p d\u1ee5ng ph\u1ee5 thu ng\u00e0y L\u1ec5, T\u1ebft v\u00e0 n\u00e2ng h\u1ea1ng ph\u00f2ng (n\u1ebfu c\u00f3).<\/li>\n<\/ul>\n<p style=\"text-align: justify;\"><strong>5. Ho\u00e0n tr\u1ea3 c\u00e1c d\u1ecbch v\u1ee5 kh\u00f4ng s\u1eed d\u1ee5ng<\/strong><\/p>\n<p style=\"text-align: justify;\">Kh\u00f4ng ho\u00e0n l\u1ea1i ti\u1ec1n ho\u1eb7c \u0111\u1ed5i ph\u00f2ng c\u00f3 th\u1ec3 \u0111\u01b0\u1ee3c th\u1ef1c hi\u1ec7n \u0111\u1ed1i v\u1edbi ch\u1ed7 \u1edf, \u0103n u\u1ed1ng, tham quan, v\u1eadn chuy\u1ec3n ho\u1eb7c b\u1ea5t k\u1ef3 d\u1ecbch v\u1ee5 n\u00e0o kh\u00e1c c\u00f3 trong g\u00f3i du l\u1ecbch nh\u01b0ng kh\u00f4ng \u0111\u01b0\u1ee3c s\u1eed d\u1ee5ng b\u1edfi th\u00e0nh vi\u00ean tham quan.<\/p>\n<p style=\"text-align: justify;\"><strong>6. Th\u00f4ng tin v\u1ec1 h\u00e0nh kh\u00e1ch v\u00e0 y\u00eau c\u1ea7u \u0103n ki\u00eang<\/strong><\/p>\n<p style=\"text-align: justify;\">Kh\u00e1ch h\u00e0ng \u0111\u01b0\u1ee3c y\u00eau c\u1ea7u g\u1eedi t\u1ea5t c\u1ea3 c\u00e1c chi ti\u1ebft v\u1ec1 h\u00e0nh kh\u00e1ch \u00edt nh\u1ea5t 24 gi\u1edd tr\u01b0\u1edbc khi nh\u1eadn ph\u00f2ng c\u1ee7a kh\u00e1ch, bao g\u1ed3m (i) H\u1ecd t\u00ean, (ii) Ng\u00e0y sinh, (iii) Gi\u1edbi t\u00ednh, (iv) Qu\u1ed1c t\u1ecbch, (v) S\u1ed1 h\u1ed9 chi\u1ebfu, (vi) Ng\u00e0y h\u1ebft h\u1ea1n visa c\u1ee7a Vi\u1ec7t Nam.<\/p>\n<p style=\"text-align: justify;\">T\u1ea5t c\u1ea3 c\u00e1c ch\u1ebf \u0111\u1ed9 \u0103n ki\u00eang ph\u1ea3i \u0111\u01b0\u1ee3c th\u00f4ng b\u00e1o \u00edt nh\u1ea5t 48 gi\u1edd tr\u01b0\u1edbc khi nh\u1eadn ph\u00f2ng \u0111\u1ec3 gi\u00fap ch\u00fang t\u00f4i ph\u1ee5c v\u1ee5 kh\u00e1ch t\u1ed1t h\u01a1n.<\/p>\n<\/article>\n","protected":false},"excerpt":{"rendered":"<p>Xin ch\u00e0o, vui l\u00f2ng \u0111\u1ecdc k\u1ef9 nh\u1eefng \u0111i\u1ec1u kho\u1ea3n v\u00e0 \u0111i\u1ec1u ki\u1ec7n sau. Khi \u0111\u1eb7t ph\u00f2ng tr\u1ef1c tuy\u1ebfn ho\u1eb7c \u0111i\u1ec1n v\u00e0o m\u1eabu \u0111\u1eb7t ph\u00f2ng c\u1ee7a ch\u00fang t\u00f4i qua \u0111i\u1ec7n tho\u1ea1i ho\u1eb7c b\u1eb1ng email, b\u1ea1n \u0111\u01b0\u1ee3c coi l\u00e0 \u0111\u00e3 \u0111\u1ecdc v\u00e0 ch\u1ea5p nh\u1eadn c\u00e1c \u0111i\u1ec1u ki\u1ec7n v\u00e0 c\u00e1c \u0111i\u1ec1u kho\u1ea3n \u0111\u1eb7t ph\u00f2ng c\u1ee7a ch\u00fang t\u00f4i thay &hellip; <\/p>\n<p class=\"link-more\"><a href=\"https:\/\/www.peonycruises.com\/vn\/dieu-khoan-dieu-kien.html\" class=\"more-link\">Continue reading<span class=\"screen-reader-text\"> &#8220;\u0110i\u1ec1u kho\u1ea3n &#038; \u0111i\u1ec1u ki\u1ec7n&#8221;<\/span><\/a><\/p>\n","protected":false},"author":1,"featured_media":5792,"parent":0,"menu_order":0,"comment_status":"closed","ping_status":"closed","template":"temp_terms.php","meta":{"footnotes":""},"class_list":["post-5416","page","type-page","status-publish","has-post-thumbnail","hentry"],"yoast_head":"<!-- This site is optimized with the Yoast SEO plugin v27.5 - https:\/\/yoast.com\/product\/yoast-seo-wordpress\/ -->\n<title>\u0110i\u1ec1u kho\u1ea3n &amp; \u0111i\u1ec1u ki\u1ec7n - Du thuy\u1ec1n Peony: Du thuy\u1ec1n gi\u1ea3m gi\u00e1, \u01afu \u0111\u00e3i du thuy\u1ec1n v\u00e0o ph\u00fat cu\u1ed1i, \u01afu \u0111\u00e3i du thuy\u1ec1n m\u00f9a h\u00e8 v\u00e0 m\u00f9a \u0111\u00f4ng, \u01afu \u0111\u00e3i \u0111\u1eb7t v\u00e9 s\u1edbm 2026<\/title>\n<meta name=\"robots\" content=\"index, follow, max-snippet:-1, max-image-preview:large, max-video-preview:-1\" \/>\n<link rel=\"canonical\" href=\"https:\/\/www.peonycruises.com\/vn\/dieu-khoan-dieu-kien.html\" \/>\n<meta property=\"og:locale\" content=\"vi_VN\" \/>\n<meta property=\"og:type\" content=\"article\" \/>\n<meta property=\"og:title\" content=\"\u0110i\u1ec1u kho\u1ea3n &amp; \u0111i\u1ec1u ki\u1ec7n - Du thuy\u1ec1n Peony: Du thuy\u1ec1n gi\u1ea3m gi\u00e1, \u01afu \u0111\u00e3i du thuy\u1ec1n v\u00e0o ph\u00fat cu\u1ed1i, \u01afu \u0111\u00e3i du thuy\u1ec1n m\u00f9a h\u00e8 v\u00e0 m\u00f9a \u0111\u00f4ng, \u01afu \u0111\u00e3i \u0111\u1eb7t v\u00e9 s\u1edbm 2026\" \/>\n<meta property=\"og:description\" content=\"Xin ch\u00e0o, vui l\u00f2ng \u0111\u1ecdc k\u1ef9 nh\u1eefng \u0111i\u1ec1u kho\u1ea3n v\u00e0 \u0111i\u1ec1u ki\u1ec7n sau. Khi \u0111\u1eb7t ph\u00f2ng tr\u1ef1c tuy\u1ebfn ho\u1eb7c \u0111i\u1ec1n v\u00e0o m\u1eabu \u0111\u1eb7t ph\u00f2ng c\u1ee7a ch\u00fang t\u00f4i qua \u0111i\u1ec7n tho\u1ea1i ho\u1eb7c b\u1eb1ng email, b\u1ea1n \u0111\u01b0\u1ee3c coi l\u00e0 \u0111\u00e3 \u0111\u1ecdc v\u00e0 ch\u1ea5p nh\u1eadn c\u00e1c \u0111i\u1ec1u ki\u1ec7n v\u00e0 c\u00e1c \u0111i\u1ec1u kho\u1ea3n \u0111\u1eb7t ph\u00f2ng c\u1ee7a ch\u00fang t\u00f4i thay &hellip; Continue reading &quot;\u0110i\u1ec1u kho\u1ea3n &#038; \u0111i\u1ec1u ki\u1ec7n&quot;\" \/>\n<meta property=\"og:url\" content=\"https:\/\/www.peonycruises.com\/vn\/dieu-khoan-dieu-kien.html\" \/>\n<meta property=\"og:site_name\" content=\"Du thuy\u1ec1n Peony: Du thuy\u1ec1n gi\u1ea3m gi\u00e1, \u01afu \u0111\u00e3i du thuy\u1ec1n v\u00e0o ph\u00fat cu\u1ed1i, \u01afu \u0111\u00e3i du thuy\u1ec1n m\u00f9a h\u00e8 v\u00e0 m\u00f9a \u0111\u00f4ng, \u01afu \u0111\u00e3i \u0111\u1eb7t v\u00e9 s\u1edbm 2026\" \/>\n<meta property=\"article:publisher\" content=\"https:\/\/www.facebook.com\/monchericruises\/\" \/>\n<meta property=\"article:modified_time\" content=\"2023-04-28T06:39:23+00:00\" \/>\n<meta property=\"og:image\" content=\"https:\/\/www.peonycruises.com\/vn\/wp-content\/uploads\/2020\/10\/team-1.jpg\" \/>\n\t<meta property=\"og:image:width\" content=\"1903\" \/>\n\t<meta property=\"og:image:height\" content=\"594\" \/>\n\t<meta property=\"og:image:type\" content=\"image\/jpeg\" \/>\n<meta name=\"twitter:card\" content=\"summary_large_image\" \/>\n<meta name=\"twitter:site\" content=\"@moncheri_cruise\" \/>\n<meta name=\"twitter:label1\" content=\"\u01af\u1edbc t\u00ednh th\u1eddi gian \u0111\u1ecdc\" \/>\n\t<meta name=\"twitter:data1\" content=\"6 ph\u00fat\" \/>\n<script type=\"application\/ld+json\" class=\"yoast-schema-graph\">{\"@context\":\"https:\\\/\\\/schema.org\",\"@graph\":[{\"@type\":\"WebPage\",\"@id\":\"https:\\\/\\\/www.peonycruises.com\\\/vn\\\/dieu-khoan-dieu-kien.html\",\"url\":\"https:\\\/\\\/www.peonycruises.com\\\/vn\\\/dieu-khoan-dieu-kien.html\",\"name\":\"\u0110i\u1ec1u kho\u1ea3n & \u0111i\u1ec1u ki\u1ec7n - Du thuy\u1ec1n Peony: Du thuy\u1ec1n gi\u1ea3m gi\u00e1, \u01afu \u0111\u00e3i du thuy\u1ec1n v\u00e0o ph\u00fat cu\u1ed1i, \u01afu \u0111\u00e3i du thuy\u1ec1n m\u00f9a h\u00e8 v\u00e0 m\u00f9a \u0111\u00f4ng, \u01afu \u0111\u00e3i \u0111\u1eb7t v\u00e9 s\u1edbm 2026\",\"isPartOf\":{\"@id\":\"https:\\\/\\\/www.peonycruises.com\\\/vn\\\/#website\"},\"primaryImageOfPage\":{\"@id\":\"https:\\\/\\\/www.peonycruises.com\\\/vn\\\/dieu-khoan-dieu-kien.html#primaryimage\"},\"image\":{\"@id\":\"https:\\\/\\\/www.peonycruises.com\\\/vn\\\/dieu-khoan-dieu-kien.html#primaryimage\"},\"thumbnailUrl\":\"https:\\\/\\\/www.peonycruises.com\\\/vn\\\/wp-content\\\/uploads\\\/2020\\\/10\\\/team-1.jpg\",\"datePublished\":\"2020-09-10T04:22:12+00:00\",\"dateModified\":\"2023-04-28T06:39:23+00:00\",\"breadcrumb\":{\"@id\":\"https:\\\/\\\/www.peonycruises.com\\\/vn\\\/dieu-khoan-dieu-kien.html#breadcrumb\"},\"inLanguage\":\"vi\",\"potentialAction\":[{\"@type\":\"ReadAction\",\"target\":[\"https:\\\/\\\/www.peonycruises.com\\\/vn\\\/dieu-khoan-dieu-kien.html\"]}]},{\"@type\":\"ImageObject\",\"inLanguage\":\"vi\",\"@id\":\"https:\\\/\\\/www.peonycruises.com\\\/vn\\\/dieu-khoan-dieu-kien.html#primaryimage\",\"url\":\"https:\\\/\\\/www.peonycruises.com\\\/vn\\\/wp-content\\\/uploads\\\/2020\\\/10\\\/team-1.jpg\",\"contentUrl\":\"https:\\\/\\\/www.peonycruises.com\\\/vn\\\/wp-content\\\/uploads\\\/2020\\\/10\\\/team-1.jpg\",\"width\":1903,\"height\":594},{\"@type\":\"BreadcrumbList\",\"@id\":\"https:\\\/\\\/www.peonycruises.com\\\/vn\\\/dieu-khoan-dieu-kien.html#breadcrumb\",\"itemListElement\":[{\"@type\":\"ListItem\",\"position\":1,\"name\":\"Home\",\"item\":\"https:\\\/\\\/www.peonycruises.com\\\/vn\"},{\"@type\":\"ListItem\",\"position\":2,\"name\":\"\u0110i\u1ec1u kho\u1ea3n &#038; \u0111i\u1ec1u ki\u1ec7n\"}]},{\"@type\":\"WebSite\",\"@id\":\"https:\\\/\\\/www.peonycruises.com\\\/vn\\\/#website\",\"url\":\"https:\\\/\\\/www.peonycruises.com\\\/vn\\\/\",\"name\":\"Du thuy\u1ec1n Peony: Du thuy\u1ec1n gi\u1ea3m gi\u00e1, \u01afu \u0111\u00e3i du thuy\u1ec1n v\u00e0o ph\u00fat cu\u1ed1i, \u01afu \u0111\u00e3i du thuy\u1ec1n m\u00f9a h\u00e8 v\u00e0 m\u00f9a \u0111\u00f4ng, \u01afu \u0111\u00e3i \u0111\u1eb7t v\u00e9 s\u1edbm 2026\",\"description\":\"\",\"publisher\":{\"@id\":\"https:\\\/\\\/www.peonycruises.com\\\/vn\\\/#organization\"},\"potentialAction\":[{\"@type\":\"SearchAction\",\"target\":{\"@type\":\"EntryPoint\",\"urlTemplate\":\"https:\\\/\\\/www.peonycruises.com\\\/vn\\\/?s={search_term_string}\"},\"query-input\":{\"@type\":\"PropertyValueSpecification\",\"valueRequired\":true,\"valueName\":\"search_term_string\"}}],\"inLanguage\":\"vi\"},{\"@type\":\"Organization\",\"@id\":\"https:\\\/\\\/www.peonycruises.com\\\/vn\\\/#organization\",\"name\":\"Peony Cruises Official Website | Best Deals Halong Cruise\",\"url\":\"https:\\\/\\\/www.peonycruises.com\\\/vn\\\/\",\"logo\":{\"@type\":\"ImageObject\",\"inLanguage\":\"vi\",\"@id\":\"https:\\\/\\\/www.peonycruises.com\\\/vn\\\/#\\\/schema\\\/logo\\\/image\\\/\",\"url\":\"https:\\\/\\\/www.peonycruises.com\\\/vn\\\/wp-content\\\/uploads\\\/2019\\\/09\\\/ico.png\",\"contentUrl\":\"https:\\\/\\\/www.peonycruises.com\\\/vn\\\/wp-content\\\/uploads\\\/2019\\\/09\\\/ico.png\",\"width\":116,\"height\":116,\"caption\":\"Peony Cruises Official Website | Best Deals Halong Cruise\"},\"image\":{\"@id\":\"https:\\\/\\\/www.peonycruises.com\\\/vn\\\/#\\\/schema\\\/logo\\\/image\\\/\"},\"sameAs\":[\"https:\\\/\\\/www.facebook.com\\\/monchericruises\\\/\",\"https:\\\/\\\/x.com\\\/moncheri_cruise\",\"https:\\\/\\\/www.instagram.com\\\/moncheri_cruises\\\/\"]}]}<\/script>\n<!-- \/ Yoast SEO plugin. -->","yoast_head_json":{"title":"\u0110i\u1ec1u kho\u1ea3n & \u0111i\u1ec1u ki\u1ec7n - Du thuy\u1ec1n Peony: Du thuy\u1ec1n gi\u1ea3m gi\u00e1, \u01afu \u0111\u00e3i du thuy\u1ec1n v\u00e0o ph\u00fat cu\u1ed1i, \u01afu \u0111\u00e3i du thuy\u1ec1n m\u00f9a h\u00e8 v\u00e0 m\u00f9a \u0111\u00f4ng, \u01afu \u0111\u00e3i \u0111\u1eb7t v\u00e9 s\u1edbm 2026","robots":{"index":"index","follow":"follow","max-snippet":"max-snippet:-1","max-image-preview":"max-image-preview:large","max-video-preview":"max-video-preview:-1"},"canonical":"https:\/\/www.peonycruises.com\/vn\/dieu-khoan-dieu-kien.html","og_locale":"vi_VN","og_type":"article","og_title":"\u0110i\u1ec1u kho\u1ea3n & \u0111i\u1ec1u ki\u1ec7n - Du thuy\u1ec1n Peony: Du thuy\u1ec1n gi\u1ea3m gi\u00e1, \u01afu \u0111\u00e3i du thuy\u1ec1n v\u00e0o ph\u00fat cu\u1ed1i, \u01afu \u0111\u00e3i du thuy\u1ec1n m\u00f9a h\u00e8 v\u00e0 m\u00f9a \u0111\u00f4ng, \u01afu \u0111\u00e3i \u0111\u1eb7t v\u00e9 s\u1edbm 2026","og_description":"Xin ch\u00e0o, vui l\u00f2ng \u0111\u1ecdc k\u1ef9 nh\u1eefng \u0111i\u1ec1u kho\u1ea3n v\u00e0 \u0111i\u1ec1u ki\u1ec7n sau. Khi \u0111\u1eb7t ph\u00f2ng tr\u1ef1c tuy\u1ebfn ho\u1eb7c \u0111i\u1ec1n v\u00e0o m\u1eabu \u0111\u1eb7t ph\u00f2ng c\u1ee7a ch\u00fang t\u00f4i qua \u0111i\u1ec7n tho\u1ea1i ho\u1eb7c b\u1eb1ng email, b\u1ea1n \u0111\u01b0\u1ee3c coi l\u00e0 \u0111\u00e3 \u0111\u1ecdc v\u00e0 ch\u1ea5p nh\u1eadn c\u00e1c \u0111i\u1ec1u ki\u1ec7n v\u00e0 c\u00e1c \u0111i\u1ec1u kho\u1ea3n \u0111\u1eb7t ph\u00f2ng c\u1ee7a ch\u00fang t\u00f4i thay &hellip; Continue reading \"\u0110i\u1ec1u kho\u1ea3n &#038; \u0111i\u1ec1u ki\u1ec7n\"","og_url":"https:\/\/www.peonycruises.com\/vn\/dieu-khoan-dieu-kien.html","og_site_name":"Du thuy\u1ec1n Peony: Du thuy\u1ec1n gi\u1ea3m gi\u00e1, \u01afu \u0111\u00e3i du thuy\u1ec1n v\u00e0o ph\u00fat cu\u1ed1i, \u01afu \u0111\u00e3i du thuy\u1ec1n m\u00f9a h\u00e8 v\u00e0 m\u00f9a \u0111\u00f4ng, \u01afu \u0111\u00e3i \u0111\u1eb7t v\u00e9 s\u1edbm 2026","article_publisher":"https:\/\/www.facebook.com\/monchericruises\/","article_modified_time":"2023-04-28T06:39:23+00:00","og_image":[{"width":1903,"height":594,"url":"https:\/\/www.peonycruises.com\/vn\/wp-content\/uploads\/2020\/10\/team-1.jpg","type":"image\/jpeg"}],"twitter_card":"summary_large_image","twitter_site":"@moncheri_cruise","twitter_misc":{"\u01af\u1edbc t\u00ednh th\u1eddi gian \u0111\u1ecdc":"6 ph\u00fat"},"schema":{"@context":"https:\/\/schema.org","@graph":[{"@type":"WebPage","@id":"https:\/\/www.peonycruises.com\/vn\/dieu-khoan-dieu-kien.html","url":"https:\/\/www.peonycruises.com\/vn\/dieu-khoan-dieu-kien.html","name":"\u0110i\u1ec1u kho\u1ea3n & \u0111i\u1ec1u ki\u1ec7n - Du thuy\u1ec1n Peony: Du thuy\u1ec1n gi\u1ea3m gi\u00e1, \u01afu \u0111\u00e3i du thuy\u1ec1n v\u00e0o ph\u00fat cu\u1ed1i, \u01afu \u0111\u00e3i du thuy\u1ec1n m\u00f9a h\u00e8 v\u00e0 m\u00f9a \u0111\u00f4ng, \u01afu \u0111\u00e3i \u0111\u1eb7t v\u00e9 s\u1edbm 2026","isPartOf":{"@id":"https:\/\/www.peonycruises.com\/vn\/#website"},"primaryImageOfPage":{"@id":"https:\/\/www.peonycruises.com\/vn\/dieu-khoan-dieu-kien.html#primaryimage"},"image":{"@id":"https:\/\/www.peonycruises.com\/vn\/dieu-khoan-dieu-kien.html#primaryimage"},"thumbnailUrl":"https:\/\/www.peonycruises.com\/vn\/wp-content\/uploads\/2020\/10\/team-1.jpg","datePublished":"2020-09-10T04:22:12+00:00","dateModified":"2023-04-28T06:39:23+00:00","breadcrumb":{"@id":"https:\/\/www.peonycruises.com\/vn\/dieu-khoan-dieu-kien.html#breadcrumb"},"inLanguage":"vi","potentialAction":[{"@type":"ReadAction","target":["https:\/\/www.peonycruises.com\/vn\/dieu-khoan-dieu-kien.html"]}]},{"@type":"ImageObject","inLanguage":"vi","@id":"https:\/\/www.peonycruises.com\/vn\/dieu-khoan-dieu-kien.html#primaryimage","url":"https:\/\/www.peonycruises.com\/vn\/wp-content\/uploads\/2020\/10\/team-1.jpg","contentUrl":"https:\/\/www.peonycruises.com\/vn\/wp-content\/uploads\/2020\/10\/team-1.jpg","width":1903,"height":594},{"@type":"BreadcrumbList","@id":"https:\/\/www.peonycruises.com\/vn\/dieu-khoan-dieu-kien.html#breadcrumb","itemListElement":[{"@type":"ListItem","position":1,"name":"Home","item":"https:\/\/www.peonycruises.com\/vn"},{"@type":"ListItem","position":2,"name":"\u0110i\u1ec1u kho\u1ea3n &#038; \u0111i\u1ec1u ki\u1ec7n"}]},{"@type":"WebSite","@id":"https:\/\/www.peonycruises.com\/vn\/#website","url":"https:\/\/www.peonycruises.com\/vn\/","name":"Du thuy\u1ec1n Peony: Du thuy\u1ec1n gi\u1ea3m gi\u00e1, \u01afu \u0111\u00e3i du thuy\u1ec1n v\u00e0o ph\u00fat cu\u1ed1i, \u01afu \u0111\u00e3i du thuy\u1ec1n m\u00f9a h\u00e8 v\u00e0 m\u00f9a \u0111\u00f4ng, \u01afu \u0111\u00e3i \u0111\u1eb7t v\u00e9 s\u1edbm 2026","description":"","publisher":{"@id":"https:\/\/www.peonycruises.com\/vn\/#organization"},"potentialAction":[{"@type":"SearchAction","target":{"@type":"EntryPoint","urlTemplate":"https:\/\/www.peonycruises.com\/vn\/?s={search_term_string}"},"query-input":{"@type":"PropertyValueSpecification","valueRequired":true,"valueName":"search_term_string"}}],"inLanguage":"vi"},{"@type":"Organization","@id":"https:\/\/www.peonycruises.com\/vn\/#organization","name":"Peony Cruises Official Website | Best Deals Halong Cruise","url":"https:\/\/www.peonycruises.com\/vn\/","logo":{"@type":"ImageObject","inLanguage":"vi","@id":"https:\/\/www.peonycruises.com\/vn\/#\/schema\/logo\/image\/","url":"https:\/\/www.peonycruises.com\/vn\/wp-content\/uploads\/2019\/09\/ico.png","contentUrl":"https:\/\/www.peonycruises.com\/vn\/wp-content\/uploads\/2019\/09\/ico.png","width":116,"height":116,"caption":"Peony Cruises Official Website | Best Deals Halong Cruise"},"image":{"@id":"https:\/\/www.peonycruises.com\/vn\/#\/schema\/logo\/image\/"},"sameAs":["https:\/\/www.facebook.com\/monchericruises\/","https:\/\/x.com\/moncheri_cruise","https:\/\/www.instagram.com\/moncheri_cruises\/"]}]}},"_links":{"self":[{"href":"https:\/\/www.peonycruises.com\/vn\/wp-json\/wp\/v2\/pages\/5416","targetHints":{"allow":["GET"]}}],"collection":[{"href":"https:\/\/www.peonycruises.com\/vn\/wp-json\/wp\/v2\/pages"}],"about":[{"href":"https:\/\/www.peonycruises.com\/vn\/wp-json\/wp\/v2\/types\/page"}],"author":[{"embeddable":true,"href":"https:\/\/www.peonycruises.com\/vn\/wp-json\/wp\/v2\/users\/1"}],"replies":[{"embeddable":true,"href":"https:\/\/www.peonycruises.com\/vn\/wp-json\/wp\/v2\/comments?post=5416"}],"version-history":[{"count":10,"href":"https:\/\/www.peonycruises.com\/vn\/wp-json\/wp\/v2\/pages\/5416\/revisions"}],"predecessor-version":[{"id":6004,"href":"https:\/\/www.peonycruises.com\/vn\/wp-json\/wp\/v2\/pages\/5416\/revisions\/6004"}],"wp:featuredmedia":[{"embeddable":true,"href":"https:\/\/www.peonycruises.com\/vn\/wp-json\/wp\/v2\/media\/5792"}],"wp:attachment":[{"href":"https:\/\/www.peonycruises.com\/vn\/wp-json\/wp\/v2\/media?parent=5416"}],"curies":[{"name":"wp","href":"https:\/\/api.w.org\/{rel}","templated":true}]}}